{"id":3071,"date":"2015-12-23T00:08:56","date_gmt":"2015-12-22T22:08:56","guid":{"rendered":"http:\/\/aksuboya.com\/ar\/iletisim\/"},"modified":"2020-02-24T23:29:36","modified_gmt":"2020-02-24T20:29:36","slug":"%d8%a7%d9%84%d8%a7%d8%aa%d8%b5%d8%a7-iletisim","status":"publish","type":"page","link":"https:\/\/aksuboya.com\/ar\/%d8%a7%d9%84%d8%a7%d8%aa%d8%b5%d8%a7-iletisim\/","title":{"rendered":"\u0627\u0644\u0627\u062a\u0635\u0627\u0644 \u0130leti\u015fim"},"content":{"rendered":"\n<style type=\"text\/css\" data-created_by=\"avia_inline_auto\" id=\"style-css-av-108oxzz-e7d4cc1e942b7af1beccdee046ae1812\">\n.avia-section.av-108oxzz-e7d4cc1e942b7af1beccdee046ae1812{\nbackground-color:#4eacc9;\nbackground-image:unset;\n}\n.avia-section.av-108oxzz-e7d4cc1e942b7af1beccdee046ae1812 .av-section-color-overlay{\nopacity:1;\nbackground-image:url(https:\/\/aksuboya.com\/wp-content\/themes\/501\/images\/background-images\/ios-linen-dark.png);\nbackground-repeat:repeat;\n}\n<\/style>\n<div id='av_section_1'  class='avia-section av-108oxzz-e7d4cc1e942b7af1beccdee046ae1812 alternate_color avia-section-small avia-no-border-styling  avia-builder-el-0  el_before_av_google_map  avia-builder-el-first  avia-bg-style-scroll av-section-color-overlay-active container_wrap fullsize'  ><div class=\"av-section-color-overlay-wrap\"><div class=\"av-section-color-overlay\"><\/div><div class='container av-section-cont-open' ><main  role=\"main\" itemprop=\"mainContentOfPage\"  class='template-page content  av-content-full alpha units'><div class='post-entry post-entry-type-page post-entry-3071'><div class='entry-content-wrapper clearfix'>\n\n<style type=\"text\/css\" data-created_by=\"avia_inline_auto\" id=\"style-css-av-y76zdb-9e059e1ac743e6cfae53101f8878df31\">\n.flex_column.av-y76zdb-9e059e1ac743e6cfae53101f8878df31{\n-webkit-border-radius:0px 0px 0px 0px;\n-moz-border-radius:0px 0px 0px 0px;\nborder-radius:0px 0px 0px 0px;\n}\n<\/style>\n<div class='flex_column av-y76zdb-9e059e1ac743e6cfae53101f8878df31 av_one_third  avia-builder-el-1  el_before_av_one_third  avia-builder-el-first  first flex_column_div av-zero-column-padding '     ><\/div>\n<style type=\"text\/css\" data-created_by=\"avia_inline_auto\" id=\"style-css-av-vvpkxb-2e2d30f1167088bfd377f7a96e11cefa\">\n.flex_column.av-vvpkxb-2e2d30f1167088bfd377f7a96e11cefa{\n-webkit-border-radius:0px 0px 0px 0px;\n-moz-border-radius:0px 0px 0px 0px;\nborder-radius:0px 0px 0px 0px;\n}\n<\/style>\n<div class='flex_column av-vvpkxb-2e2d30f1167088bfd377f7a96e11cefa av_one_third  avia-builder-el-2  el_after_av_one_third  el_before_av_one_third  flex_column_div av-zero-column-padding '     ><style type=\"text\/css\" data-created_by=\"avia_inline_auto\" id=\"style-css-av-ty1v5b-e0283f0b26192264849147aa143fb4e7\">\n#top .av-special-heading.av-ty1v5b-e0283f0b26192264849147aa143fb4e7{\npadding-bottom:5px;\ncolor:#ffffff;\nfont-size:20px;\n}\nbody .av-special-heading.av-ty1v5b-e0283f0b26192264849147aa143fb4e7 .av-special-heading-tag .heading-char{\nfont-size:25px;\n}\n#top #wrap_all .av-special-heading.av-ty1v5b-e0283f0b26192264849147aa143fb4e7 .av-special-heading-tag{\nfont-size:20px;\n}\n.av-special-heading.av-ty1v5b-e0283f0b26192264849147aa143fb4e7 .special-heading-inner-border{\nborder-color:#ffffff;\n}\n.av-special-heading.av-ty1v5b-e0283f0b26192264849147aa143fb4e7 .av-subheading{\nfont-size:14px;\n}\n\n@media only screen and (min-width: 480px) and (max-width: 767px){ \n#top #wrap_all .av-special-heading.av-ty1v5b-e0283f0b26192264849147aa143fb4e7 .av-special-heading-tag{\nfont-size:0.8em;\n}\n}\n\n@media only screen and (max-width: 479px){ \n#top #wrap_all .av-special-heading.av-ty1v5b-e0283f0b26192264849147aa143fb4e7 .av-special-heading-tag{\nfont-size:0.8em;\n}\n}\n<\/style>\n<div  class='av-special-heading av-ty1v5b-e0283f0b26192264849147aa143fb4e7 av-special-heading-h3 custom-color-heading blockquote modern-quote modern-centered  avia-builder-el-3  avia-builder-el-no-sibling  av-inherit-size'><h3 class='av-special-heading-tag'  itemprop=\"headline\"  >\u0627\u0644\u0627\u062a\u0635\u0627<\/h3><div class='av_custom_color av-subheading av-subheading_below'><p>\u0627\u062a\u0635\u0644 \u0628\u0646\u0627<\/p>\n<\/div><div class=\"special-heading-border\"><div class=\"special-heading-inner-border\"><\/div><\/div><\/div><\/div>\n<style type=\"text\/css\" data-created_by=\"avia_inline_auto\" id=\"style-css-av-scvtn3-9c22396c02064fd0a952e0944af6a95d\">\n.flex_column.av-scvtn3-9c22396c02064fd0a952e0944af6a95d{\n-webkit-border-radius:0px 0px 0px 0px;\n-moz-border-radius:0px 0px 0px 0px;\nborder-radius:0px 0px 0px 0px;\n}\n<\/style>\n<div class='flex_column av-scvtn3-9c22396c02064fd0a952e0944af6a95d av_one_third  avia-builder-el-4  el_after_av_one_third  avia-builder-el-last  flex_column_div av-zero-column-padding '     ><\/div>\n\n\n\n<style type=\"text\/css\" data-created_by=\"avia_inline_auto\" id=\"style-css-av-mejcfj-27c089d104cbb689523ebd4f5c832fc4\">\n.avia-section.av-mejcfj-27c089d104cbb689523ebd4f5c832fc4 .av-parallax .av-parallax-inner{\nbackground-repeat:no-repeat;\nbackground-image:url(https:\/\/aksuboya.com\/wp-content\/uploads\/2015\/12\/bg-01.jpg);\nbackground-position:0% 0%;\nbackground-attachment:scroll;\n}\n.avia-section.av-mejcfj-27c089d104cbb689523ebd4f5c832fc4 .av-section-color-overlay{\nopacity:0.2;\nbackground-image:url(https:\/\/aksuboya.com\/wp-content\/themes\/501\/images\/background-images\/floral-dark.png);\nbackground-repeat:repeat;\n}\n<\/style>\n<div id='av_section_2'  class='avia-section av-mejcfj-27c089d104cbb689523ebd4f5c832fc4 main_color avia-section-default avia-no-border-styling  avia-builder-el-6  el_after_av_google_map  el_before_av_section  avia-full-stretch av-parallax-section avia-bg-style-parallax av-section-color-overlay-active container_wrap fullsize'  data-section-bg-repeat='stretch'><div class='av-parallax' data-avia-parallax-ratio='0.3' ><div class='av-parallax-inner main_color avia-full-stretch'><\/div><\/div><div class=\"av-section-color-overlay-wrap\"><div class=\"av-section-color-overlay\"><\/div><div class='container av-section-cont-open' ><div class='template-page content  av-content-full alpha units'><div class='post-entry post-entry-type-page post-entry-3071'><div class='entry-content-wrapper clearfix'>\n\n<style type=\"text\/css\" data-created_by=\"avia_inline_auto\" id=\"style-css-av-kcng9b-c9faad1cb61221f0eaf698171e2ecb83\">\n.flex_column.av-kcng9b-c9faad1cb61221f0eaf698171e2ecb83{\n-webkit-border-radius:0px 0px 0px 0px;\n-moz-border-radius:0px 0px 0px 0px;\nborder-radius:0px 0px 0px 0px;\n}\n<\/style>\n<div class='flex_column av-kcng9b-c9faad1cb61221f0eaf698171e2ecb83 av_three_fifth  avia-builder-el-7  el_before_av_two_fifth  avia-builder-el-first  first flex_column_div av-zero-column-padding '     ><style type=\"text\/css\" data-created_by=\"avia_inline_auto\" id=\"style-css-av-jf4ym7-a26b7752183a0c97a5b5844b16088468\">\n.iconbox.av-jf4ym7-a26b7752183a0c97a5b5844b16088468 .iconbox_icon{\nbackground-color:#ffffff;\n}\n<\/style>\n<article  class='iconbox iconbox_left_content av-jf4ym7-a26b7752183a0c97a5b5844b16088468  avia-builder-el-8  avia-builder-el-no-sibling '  itemscope=\"itemscope\" itemtype=\"https:\/\/schema.org\/CreativeWork\" ><div class=\"iconbox_icon heading-color\" aria-hidden='true' data-av_icon='\ue8b7' data-av_iconfont='entypo-fontello'><\/div><div class=\"iconbox_content\"><header class=\"entry-content-header\"><h3 class='iconbox_content_title '  itemprop=\"headline\" >\u0627\u062a\u0635\u0644 \u0628\u0646\u0627<\/h3><\/header><div class='iconbox_content_container '  itemprop=\"text\" ><p>\u0644\u0644\u062a\u0648\u0627\u0635\u0644 \u0645\u0639\u0646\u0627 \u0648\u0644\u0645\u0646\u0627\u0642\u0634\u0629 \u0645\u0646\u062a\u062c\u0627\u062a\u0646\u0627 \u0648\u0627\u0631\u0627\u0626\u0643\u0645 \u0648\u0644\u0644\u0634\u0643\u0627\u0648\u064a \u0646\u0631\u062c\u0648 \u0627\u0646 \u0644\u0627\u062a\u062a\u0631\u062f\u062f\u0648\u0627 \u0641\u064a \u0627\u0644\u062a\u0648\u0627\u0635\u0644 \u0639\u0646 \u0637\u0631\u064a\u0642 \u0642\u0627\u0626\u0645\u0629 \u0627\u0644\u0631\u0633\u0627\u0626\u0644 \u0648\u0627\u0631\u0633\u0627\u0644 \u0631\u0633\u0627\u0626\u0644\u0643\u0645<br \/>\n\u0648\u0633\u0648\u0641 \u0646\u0647\u062a\u0645 \u0628\u0627\u0644\u0645\u0648\u0636\u0648\u0639\u0627\u062a \u0648\u0646\u0642\u064a\u0645\u0647 \u0648\u0646\u0631\u062f \u0639\u0644\u064a\u0643\u0645 \u0628\u0627\u0633\u0631\u0639 \u0648\u0642\u062a \u0645\u0645\u0643\u0646<\/p>\n<p>\u0644\u0644\u063a\u0629 \u0627\u0644\u0639\u0631\u0628\u064a\u0629 : \u00a000905395854731 \u00a0\u0646\u0627\u0638\u0645 \u0641\u0627\u0636\u0644<\/p>\n<\/div><\/div><footer class=\"entry-footer\"><\/footer><\/article><\/div>\n<style type=\"text\/css\" data-created_by=\"avia_inline_auto\" id=\"style-css-av-h6kdbj-b5489ed91962d3152ad9ec29de959710\">\n.flex_column.av-h6kdbj-b5489ed91962d3152ad9ec29de959710{\n-webkit-border-radius:0px 0px 0px 0px;\n-moz-border-radius:0px 0px 0px 0px;\nborder-radius:0px 0px 0px 0px;\n}\n<\/style>\n<div class='flex_column av-h6kdbj-b5489ed91962d3152ad9ec29de959710 av_two_fifth  avia-builder-el-9  el_after_av_three_fifth  avia-builder-el-last  flex_column_div av-zero-column-padding '     ><\/div>\n\n<\/div><\/div><\/main><!-- close content main element --><\/div><\/div><\/div>\n<style type=\"text\/css\" data-created_by=\"avia_inline_auto\" id=\"style-css-av-g895q7-261c9929256b515b9678c09659ae23f6\">\n.avia-section.av-g895q7-261c9929256b515b9678c09659ae23f6{\nbackground-color:#f4f4f4;\nbackground-image:unset;\n}\n.avia-section.av-g895q7-261c9929256b515b9678c09659ae23f6 .av-section-color-overlay{\nopacity:0.5;\n}\n<\/style>\n<div id='av_section_3'  class='avia-section av-g895q7-261c9929256b515b9678c09659ae23f6 main_color avia-section-default avia-shadow  avia-builder-el-10  el_after_av_section  avia-builder-el-last  avia-bg-style-scroll av-section-color-overlay-active container_wrap fullsize'  ><div class=\"av-section-color-overlay-wrap\"><div class=\"av-section-color-overlay\"><\/div><div class='container av-section-cont-open' ><div class='template-page content  av-content-full alpha units'><div class='post-entry post-entry-type-page post-entry-3071'><div class='entry-content-wrapper clearfix'>\n\n<style type=\"text\/css\" data-created_by=\"avia_inline_auto\" id=\"style-css-av-eshayn-2d7ab4da570bc3a5225b5d43436ae628\">\n.flex_column.av-eshayn-2d7ab4da570bc3a5225b5d43436ae628{\n-webkit-border-radius:0px 0px 0px 0px;\n-moz-border-radius:0px 0px 0px 0px;\nborder-radius:0px 0px 0px 0px;\n}\n<\/style>\n<div class='flex_column av-eshayn-2d7ab4da570bc3a5225b5d43436ae628 av_one_half  avia-builder-el-11  el_before_av_one_half  avia-builder-el-first  first flex_column_div av-animated-generic fade-in av-zero-column-padding '     ><p>\n<style type=\"text\/css\" data-created_by=\"avia_inline_auto\" id=\"style-css-av-av_heading-250b2a104ebfb7d6e566f3887b77416b\">\n#top .av-special-heading.av-av_heading-250b2a104ebfb7d6e566f3887b77416b{\npadding-bottom:10px;\n}\nbody .av-special-heading.av-av_heading-250b2a104ebfb7d6e566f3887b77416b .av-special-heading-tag .heading-char{\nfont-size:25px;\n}\n.av-special-heading.av-av_heading-250b2a104ebfb7d6e566f3887b77416b .av-subheading{\nfont-size:15px;\n}\n<\/style>\n<div  class='av-special-heading av-av_heading-250b2a104ebfb7d6e566f3887b77416b av-special-heading-h4  avia-builder-el-12  el_before_av_textblock  avia-builder-el-first '><h4 class='av-special-heading-tag'  itemprop=\"headline\"  >\u0642\u0627\u0626\u0645\u0629 \u0627\u0644\u0631\u0633\u0627\u0626\u0644<\/h4><div class=\"special-heading-border\"><div class=\"special-heading-inner-border\"><\/div><\/div><\/div><br \/>\n<section  class='av_textblock_section av-acdmof-fe16f961b9652538f54840a6598d0092'  itemscope=\"itemscope\" itemtype=\"https:\/\/schema.org\/CreativeWork\" ><div class='avia_textblock'  itemprop=\"text\" >\n<div class=\"wpcf7 no-js\" id=\"wpcf7-f3896-o1\" lang=\"tr-TR\" dir=\"ltr\">\n<div class=\"screen-reader-response\"><p role=\"status\" aria-live=\"polite\" aria-atomic=\"true\"><\/p> <ul><\/ul><\/div>\n<form action=\"\/ar\/wp-json\/wp\/v2\/pages\/3071#wpcf7-f3896-o1\" method=\"post\" class=\"wpcf7-form init\" aria-label=\"Contact form\" novalidate=\"novalidate\" data-status=\"init\">\n<div style=\"display: none;\">\n<input type=\"hidden\" name=\"_wpcf7\" value=\"3896\" \/>\n<input type=\"hidden\" name=\"_wpcf7_version\" value=\"5.7.5.1\" \/>\n<input type=\"hidden\" name=\"_wpcf7_locale\" value=\"tr_TR\" \/>\n<input type=\"hidden\" name=\"_wpcf7_unit_tag\" value=\"wpcf7-f3896-o1\" \/>\n<input type=\"hidden\" name=\"_wpcf7_container_post\" value=\"0\" \/>\n<input type=\"hidden\" name=\"_wpcf7_posted_data_hash\" value=\"\" \/>\n<\/div>\n<p><label> \u064a\u062c\u0628 \u0643\u062a\u0627\u0628\u0629 \u0627\u0633\u0645\u0643\u0645<br \/>\n<span class=\"wpcf7-form-control-wrap\" data-name=\"your-name\"><input size=\"40\" class=\"wpcf7-form-control wpcf7-text wpcf7-validates-as-required\" aria-required=\"true\" aria-invalid=\"false\" value=\"\" type=\"text\" name=\"your-name\" \/><\/span> <\/label>\n<\/p>\n<p><label> \u0639\u0646\u0648\u0627\u0646 \u0627\u0644\u0628\u0631\u064a\u062f\u064a<br \/>\n<span class=\"wpcf7-form-control-wrap\" data-name=\"your-email\"><input size=\"40\" class=\"wpcf7-form-control wpcf7-text wpcf7-email wpcf7-validates-as-required wpcf7-validates-as-email\" aria-required=\"true\" aria-invalid=\"false\" value=\"\" type=\"email\" name=\"your-email\" \/><\/span> <\/label>\n<\/p>\n<p><label> \u0627\u0644\u0645\u0648\u0636\u0648\u0639\u0627\u062a<br \/>\n<span class=\"wpcf7-form-control-wrap\" data-name=\"your-subject\"><input size=\"40\" class=\"wpcf7-form-control wpcf7-text\" aria-invalid=\"false\" value=\"\" type=\"text\" name=\"your-subject\" \/><\/span> <\/label>\n<\/p>\n<p><label> \u0631\u0633\u0627\u0644\u062a\u0643\u0645<br \/>\n<span class=\"wpcf7-form-control-wrap\" data-name=\"your-message\"><textarea cols=\"40\" rows=\"10\" class=\"wpcf7-form-control wpcf7-textarea\" aria-invalid=\"false\" name=\"your-message\"><\/textarea><\/span> <\/label>\n<\/p>\n<p><input class=\"wpcf7-form-control has-spinner wpcf7-submit\" type=\"submit\" value=\"\u0627\u0631\u0633\u0644\" \/>\n<\/p><p style=\"display: none !important;\"><label>&#916;<textarea name=\"_wpcf7_ak_hp_textarea\" cols=\"45\" rows=\"8\" maxlength=\"100\"><\/textarea><\/label><input type=\"hidden\" id=\"ak_js_1\" name=\"_wpcf7_ak_js\" value=\"140\"\/><script>document.getElementById( \"ak_js_1\" ).setAttribute( \"value\", ( new Date() ).getTime() );<\/script><\/p><div class=\"wpcf7-response-output\" aria-hidden=\"true\"><\/div>\n<\/form>\n<\/div>\n\n<\/div><\/section><\/p><\/div>\n<style type=\"text\/css\" data-created_by=\"avia_inline_auto\" id=\"style-css-av-x7727-14334dc677d3f83117439bd025ec43c0\">\n.flex_column.av-x7727-14334dc677d3f83117439bd025ec43c0{\nborder-width:1px;\nborder-color:#ededed;\nborder-style:solid;\n-webkit-border-radius:3px 3px 3px 3px;\n-moz-border-radius:3px 3px 3px 3px;\nborder-radius:3px 3px 3px 3px;\npadding:10px 10px 10px 10px;\nbackground-color:rgba(255,255,255,0.6);\n}\n<\/style>\n<div class='flex_column av-x7727-14334dc677d3f83117439bd025ec43c0 av_one_half  avia-builder-el-14  el_after_av_one_half  avia-builder-el-last  flex_column_div av-animated-generic right-to-left '     ><style type=\"text\/css\" data-created_by=\"avia_inline_auto\" id=\"style-css-av-75myz3-1608892557c49e9b6dd1966f124d33f4\">\n.iconbox.av-75myz3-1608892557c49e9b6dd1966f124d33f4 .iconbox_icon{\nborder:1px solid #e5097f;\ncolor:#000066;\n}\n<\/style>\n<article  class='iconbox iconbox_top av-75myz3-1608892557c49e9b6dd1966f124d33f4 av-no-box  avia-builder-el-15  el_before_av_icon_box  avia-builder-el-first '  itemscope=\"itemscope\" itemtype=\"https:\/\/schema.org\/CreativeWork\" ><div class=\"iconbox_content\"><header class=\"entry-content-header\"><div class=\"iconbox_icon heading-color\" aria-hidden='true' data-av_icon='\ue842' data-av_iconfont='entypo-fontello'><\/div><\/header><div class='iconbox_content_container '  itemprop=\"text\" ><h4>\u0627\u0644\u0645\u0643\u062a\u0628 \u0627\u0644\u0631\u0626\u064a\u0633\u064a &#8211; \u0627\u0644\u0645\u0635\u0646\u0639<\/h4>\n<p>ORGAN\u0130ZE SANAY\u0130 B\u00d6LGES\u0130 2. K\u0131s\u0131m 25. Cadde No: 1<br \/>\n07190 D\u00d6\u015eEMEALTI \/ ANTALYA \/ T\u00dcRK\u0130YE<\/p>\n<\/div><\/div><footer class=\"entry-footer\"><\/footer><\/article><br \/>\n\n<style type=\"text\/css\" data-created_by=\"avia_inline_auto\" id=\"style-css-av-2djiz-bc220b59359c621fb9aff33f34032d8a\">\n.iconbox.av-2djiz-bc220b59359c621fb9aff33f34032d8a .iconbox_icon{\nbackground-color:#ededed;\nborder:1px solid #e1e1e1;\ncolor:#000066;\n}\n<\/style>\n<article  class='iconbox iconbox_top av-2djiz-bc220b59359c621fb9aff33f34032d8a  avia-builder-el-16  el_after_av_icon_box  el_before_av_icon_box  main_color'  itemscope=\"itemscope\" itemtype=\"https:\/\/schema.org\/CreativeWork\" ><div class=\"iconbox_content\"><header class=\"entry-content-header\"><div class=\"iconbox_icon heading-color\" aria-hidden='true' data-av_icon='\ue854' data-av_iconfont='entypo-fontello'><\/div><\/header><div class='iconbox_content_container '  itemprop=\"text\" ><p>+90 242 344 04 34 &#8211; +90 242 344 04 64 &#8211; +90 242 258 15 55<\/p>\n<\/div><\/div><footer class=\"entry-footer\"><\/footer><\/article><br \/>\n\n<style type=\"text\/css\" data-created_by=\"avia_inline_auto\" id=\"style-css-av-2djiz-59fbc3451fe442f08ddb029ef48b95ad\">\n.iconbox.av-2djiz-59fbc3451fe442f08ddb029ef48b95ad .iconbox_icon{\nbackground-color:#ededed;\nborder:1px solid #e1e1e1;\ncolor:#000066;\n}\n<\/style>\n<article  class='iconbox iconbox_top av-2djiz-59fbc3451fe442f08ddb029ef48b95ad  avia-builder-el-17  el_after_av_icon_box  el_before_av_icon_box  main_color'  itemscope=\"itemscope\" itemtype=\"https:\/\/schema.org\/CreativeWork\" ><div class=\"iconbox_content\"><header class=\"entry-content-header\"><div class=\"iconbox_icon heading-color\" aria-hidden='true' data-av_icon='\ue838' data-av_iconfont='entypo-fontello'><\/div><\/header><div class='iconbox_content_container '  itemprop=\"text\" ><p>+90 242 344 32 45<\/p>\n<\/div><\/div><footer class=\"entry-footer\"><\/footer><\/article><br \/>\n\n<style type=\"text\/css\" data-created_by=\"avia_inline_auto\" id=\"style-css-av-2qdaxr-cfd03aa9f06e43475f8a5128c68770d7\">\n.iconbox.av-2qdaxr-cfd03aa9f06e43475f8a5128c68770d7 .iconbox_icon{\nbackground-color:#ededed;\nborder:1px solid #e1e1e1;\ncolor:#000066;\n}\n<\/style>\n<article  class='iconbox iconbox_top av-2qdaxr-cfd03aa9f06e43475f8a5128c68770d7  avia-builder-el-18  el_after_av_icon_box  avia-builder-el-last  main_color'  itemscope=\"itemscope\" itemtype=\"https:\/\/schema.org\/CreativeWork\" ><div class=\"iconbox_content\"><header class=\"entry-content-header\"><div class=\"iconbox_icon heading-color\" aria-hidden='true' data-av_icon='\ue805' data-av_iconfont='entypo-fontello'><\/div><\/header><div class='iconbox_content_container '  itemprop=\"text\" ><p>info@aksuboya.com<\/p>\n<\/div><\/div><footer class=\"entry-footer\"><\/footer><\/article><\/p><\/div>\n","protected":false},"excerpt":{"rendered":"","protected":false},"author":1,"featured_media":0,"parent":0,"menu_order":0,"comment_status":"closed","ping_status":"closed","template":"","meta":[],"_links":{"self":[{"href":"https:\/\/aksuboya.com\/ar\/wp-json\/wp\/v2\/pages\/3071"}],"collection":[{"href":"https:\/\/aksuboya.com\/ar\/wp-json\/wp\/v2\/pages"}],"about":[{"href":"https:\/\/aksuboya.com\/ar\/wp-json\/wp\/v2\/types\/page"}],"author":[{"embeddable":true,"href":"https:\/\/aksuboya.com\/ar\/wp-json\/wp\/v2\/users\/1"}],"replies":[{"embeddable":true,"href":"https:\/\/aksuboya.com\/ar\/wp-json\/wp\/v2\/comments?post=3071"}],"version-history":[{"count":0,"href":"https:\/\/aksuboya.com\/ar\/wp-json\/wp\/v2\/pages\/3071\/revisions"}],"wp:attachment":[{"href":"https:\/\/aksuboya.com\/ar\/wp-json\/wp\/v2\/media?parent=3071"}],"curies":[{"name":"wp","href":"https:\/\/api.w.org\/{rel}","templated":true}]}}