{"id":3921,"date":"2016-02-16T03:28:39","date_gmt":"2016-02-16T01:28:39","guid":{"rendered":"http:\/\/aksuboya.com\/kalite-belgelerimiz\/"},"modified":"2016-12-21T00:33:41","modified_gmt":"2016-12-20T22:33:41","slug":"kalite-belgelerimiz","status":"publish","type":"page","link":"https:\/\/aksuboya.com\/ar\/kalite-belgelerimiz\/","title":{"rendered":"\u0648\u062b\u0627\u0626\u0642 \u0627\u0644\u062c\u0648\u062f\u0629 KAL\u0130TE BELGELER\u0130M\u0130Z"},"content":{"rendered":"\n<style type=\"text\/css\" data-created_by=\"avia_inline_auto\" id=\"style-css-av-av_section-58b5bd6fab24e1437d400c6be7a9c67d\">\n.avia-section.av-av_section-58b5bd6fab24e1437d400c6be7a9c67d{\nbackground-color:#0070e8;\nbackground-image:unset;\n}\n.avia-section.av-av_section-58b5bd6fab24e1437d400c6be7a9c67d .av-section-color-overlay{\nopacity:0.8;\nbackground-image:url(https:\/\/aksuboya.com\/wp-content\/themes\/501\/images\/background-images\/ios-linen-dark.png);\nbackground-repeat:repeat;\n}\n<\/style>\n<div id='av_section_1'  class='avia-section av-av_section-58b5bd6fab24e1437d400c6be7a9c67d alternate_color avia-section-small avia-no-border-styling  avia-builder-el-0  el_before_av_section  avia-builder-el-first  avia-bg-style-scroll av-section-color-overlay-active container_wrap fullsize'  ><div class=\"av-section-color-overlay-wrap\"><div class=\"av-section-color-overlay\"><\/div><div class='container av-section-cont-open' ><main  role=\"main\" itemprop=\"mainContentOfPage\"  class='template-page content  av-content-full alpha units'><div class='post-entry post-entry-type-page post-entry-3921'><div class='entry-content-wrapper clearfix'>\n\n<style type=\"text\/css\" data-created_by=\"avia_inline_auto\" id=\"style-css-av-av_one_third-9497bbf8bff73ea4c6992cc17fa9ec36\">\n.flex_column.av-av_one_third-9497bbf8bff73ea4c6992cc17fa9ec36{\n-webkit-border-radius:0px 0px 0px 0px;\n-moz-border-radius:0px 0px 0px 0px;\nborder-radius:0px 0px 0px 0px;\n}\n<\/style>\n<div class='flex_column av-av_one_third-9497bbf8bff73ea4c6992cc17fa9ec36 av_one_third  avia-builder-el-1  el_before_av_one_third  avia-builder-el-first  first flex_column_div av-zero-column-padding '     ><\/div>\n<style type=\"text\/css\" data-created_by=\"avia_inline_auto\" id=\"style-css-av-av_one_third-de02ff6c6bb29fc4ff1e98b6fcee57c3\">\n.flex_column.av-av_one_third-de02ff6c6bb29fc4ff1e98b6fcee57c3{\n-webkit-border-radius:0px 0px 0px 0px;\n-moz-border-radius:0px 0px 0px 0px;\nborder-radius:0px 0px 0px 0px;\n}\n<\/style>\n<div class='flex_column av-av_one_third-de02ff6c6bb29fc4ff1e98b6fcee57c3 av_one_third  avia-builder-el-2  el_after_av_one_third  el_before_av_one_third  flex_column_div av-zero-column-padding '     ><style type=\"text\/css\" data-created_by=\"avia_inline_auto\" id=\"style-css-av-av_heading-4818db2aa0b507d1a09773a658cf0769\">\n#top .av-special-heading.av-av_heading-4818db2aa0b507d1a09773a658cf0769{\npadding-bottom:5px;\ncolor:#ffffff;\nfont-size:24px;\n}\nbody .av-special-heading.av-av_heading-4818db2aa0b507d1a09773a658cf0769 .av-special-heading-tag .heading-char{\nfont-size:25px;\n}\n#top #wrap_all .av-special-heading.av-av_heading-4818db2aa0b507d1a09773a658cf0769 .av-special-heading-tag{\nfont-size:24px;\n}\n.av-special-heading.av-av_heading-4818db2aa0b507d1a09773a658cf0769 .special-heading-inner-border{\nborder-color:#ffffff;\n}\n.av-special-heading.av-av_heading-4818db2aa0b507d1a09773a658cf0769 .av-subheading{\nfont-size:14px;\n}\n\n@media only screen and (min-width: 480px) and (max-width: 767px){ \n#top #wrap_all .av-special-heading.av-av_heading-4818db2aa0b507d1a09773a658cf0769 .av-special-heading-tag{\nfont-size:0.8em;\n}\n}\n\n@media only screen and (max-width: 479px){ \n#top #wrap_all .av-special-heading.av-av_heading-4818db2aa0b507d1a09773a658cf0769 .av-special-heading-tag{\nfont-size:0.8em;\n}\n}\n<\/style>\n<div  class='av-special-heading av-av_heading-4818db2aa0b507d1a09773a658cf0769 av-special-heading-h3 custom-color-heading blockquote modern-quote modern-centered  avia-builder-el-3  avia-builder-el-no-sibling  av-inherit-size'><h3 class='av-special-heading-tag'  itemprop=\"headline\"  >\u0648\u062b\u0627\u0626\u0642 \u0627\u0644\u062c\u0648\u062f\u0629<\/h3><div class='av_custom_color av-subheading av-subheading_below'><p>\u062a\u0633 &amp; \u0627\u064a\u0633\u0648<\/p>\n<\/div><div class=\"special-heading-border\"><div class=\"special-heading-inner-border\"><\/div><\/div><\/div><\/div>\n<style type=\"text\/css\" data-created_by=\"avia_inline_auto\" id=\"style-css-av-av_one_third-9c1d454dc06f7247226bc4e8f931daae\">\n.flex_column.av-av_one_third-9c1d454dc06f7247226bc4e8f931daae{\n-webkit-border-radius:0px 0px 0px 0px;\n-moz-border-radius:0px 0px 0px 0px;\nborder-radius:0px 0px 0px 0px;\n}\n<\/style>\n<div class='flex_column av-av_one_third-9c1d454dc06f7247226bc4e8f931daae av_one_third  avia-builder-el-4  el_after_av_one_third  avia-builder-el-last  flex_column_div av-zero-column-padding '     ><\/div><\/div><\/div><\/main><!-- close content main element --><\/div><\/div><\/div>\n<style type=\"text\/css\" data-created_by=\"avia_inline_auto\" id=\"style-css-av-av_section-b7dae9f05122e137cf0fc4ae4e00d02e\">\n.avia-section.av-av_section-b7dae9f05122e137cf0fc4ae4e00d02e{\nbackground-color:#f4f4f4;\nbackground-image:unset;\n}\n<\/style>\n<div id='av_section_2'  class='avia-section av-av_section-b7dae9f05122e137cf0fc4ae4e00d02e main_color avia-section-default avia-no-shadow  avia-builder-el-5  el_after_av_section  avia-builder-el-last  avia-bg-style-scroll container_wrap fullsize'  ><div class='container av-section-cont-open' ><div class='template-page content  av-content-full alpha units'><div class='post-entry post-entry-type-page post-entry-3921'><div class='entry-content-wrapper clearfix'>\n<div id='av-masonry-1' class='av-masonry av-av_masonry_gallery-0a347eeddb91a7919d277e96f890d4fa noHover av-flex-size av-large-gap av-hover-overlay- av-masonry-animation-active av-masonry-col-6 av-caption-always av-caption-style- av-masonry-gallery '><div class=\"av-masonry-container isotope av-js-disabled\"><div class='av-masonry-entry isotope-item av-masonry-item-no-image '><\/div><a href=\"https:\/\/aksuboya.com\/wp-content\/uploads\/TSE-ISO-Belgesi-aksu-boya-antalya-boyaci-firma-04-730x1030.jpg\" data-srcset=\"https:\/\/aksuboya.com\/wp-content\/uploads\/TSE-ISO-Belgesi-aksu-boya-antalya-boyaci-firma-04-730x1030.jpg 730w, https:\/\/aksuboya.com\/wp-content\/uploads\/TSE-ISO-Belgesi-aksu-boya-antalya-boyaci-firma-04-213x300.jpg 213w, https:\/\/aksuboya.com\/wp-content\/uploads\/TSE-ISO-Belgesi-aksu-boya-antalya-boyaci-firma-04-500x705.jpg 500w, https:\/\/aksuboya.com\/wp-content\/uploads\/TSE-ISO-Belgesi-aksu-boya-antalya-boyaci-firma-04-450x635.jpg 450w, https:\/\/aksuboya.com\/wp-content\/uploads\/TSE-ISO-Belgesi-aksu-boya-antalya-boyaci-firma-04.jpg 1000w\" data-sizes=\"(max-width: 730px) 100vw, 730px\"  aria-label=\"image image with no title\"  id='av-masonry-1-item-2131' data-av-masonry-item='2131' class='av-masonry-entry isotope-item post-2131 attachment type-attachment status-inherit hentry  av-masonry-item-with-image' title=\"\" alt=\"\"    itemprop=\"thumbnailUrl\" ><div class='av-inner-masonry-sizer'><\/div><figure class='av-inner-masonry main_color'><div class=\"av-masonry-outerimage-container\"><div class='av-masonry-image-container'   ><img decoding=\"async\" width=\"500\" height=\"705\" class=\"wp-image-2131 avia-img-lazy-loading-not-2131\"  src=\"https:\/\/aksuboya.com\/wp-content\/uploads\/TSE-ISO-Belgesi-aksu-boya-antalya-boyaci-firma-04-500x705.jpg\" title=\"\" alt=\"\" srcset=\"https:\/\/aksuboya.com\/wp-content\/uploads\/TSE-ISO-Belgesi-aksu-boya-antalya-boyaci-firma-04-500x705.jpg 500w, https:\/\/aksuboya.com\/wp-content\/uploads\/TSE-ISO-Belgesi-aksu-boya-antalya-boyaci-firma-04-213x300.jpg 213w, https:\/\/aksuboya.com\/wp-content\/uploads\/TSE-ISO-Belgesi-aksu-boya-antalya-boyaci-firma-04-730x1030.jpg 730w, https:\/\/aksuboya.com\/wp-content\/uploads\/TSE-ISO-Belgesi-aksu-boya-antalya-boyaci-firma-04-450x635.jpg 450w, https:\/\/aksuboya.com\/wp-content\/uploads\/TSE-ISO-Belgesi-aksu-boya-antalya-boyaci-firma-04.jpg 1000w\" sizes=\"(max-width: 500px) 100vw, 500px\" \/><\/div><\/div><\/figure><\/a><!--end av-masonry entry--><a href=\"https:\/\/aksuboya.com\/wp-content\/uploads\/TSE-ISO-Belgesi-aksu-boya-antalya-boyaci-firma-01-730x1030.jpg\" data-srcset=\"https:\/\/aksuboya.com\/wp-content\/uploads\/TSE-ISO-Belgesi-aksu-boya-antalya-boyaci-firma-01-730x1030.jpg 730w, https:\/\/aksuboya.com\/wp-content\/uploads\/TSE-ISO-Belgesi-aksu-boya-antalya-boyaci-firma-01-213x300.jpg 213w, https:\/\/aksuboya.com\/wp-content\/uploads\/TSE-ISO-Belgesi-aksu-boya-antalya-boyaci-firma-01-500x705.jpg 500w, https:\/\/aksuboya.com\/wp-content\/uploads\/TSE-ISO-Belgesi-aksu-boya-antalya-boyaci-firma-01-450x635.jpg 450w, https:\/\/aksuboya.com\/wp-content\/uploads\/TSE-ISO-Belgesi-aksu-boya-antalya-boyaci-firma-01.jpg 1000w\" data-sizes=\"(max-width: 730px) 100vw, 730px\"  aria-label=\"image image with no title\"  id='av-masonry-1-item-2128' data-av-masonry-item='2128' class='av-masonry-entry isotope-item post-2128 attachment type-attachment status-inherit hentry  av-masonry-item-with-image' title=\"\" alt=\"\"    itemprop=\"thumbnailUrl\" ><div class='av-inner-masonry-sizer'><\/div><figure class='av-inner-masonry main_color'><div class=\"av-masonry-outerimage-container\"><div class='av-masonry-image-container'   ><img decoding=\"async\" width=\"500\" height=\"705\" class=\"wp-image-2128 avia-img-lazy-loading-not-2128\"  src=\"https:\/\/aksuboya.com\/wp-content\/uploads\/TSE-ISO-Belgesi-aksu-boya-antalya-boyaci-firma-01-500x705.jpg\" title=\"\" alt=\"\" srcset=\"https:\/\/aksuboya.com\/wp-content\/uploads\/TSE-ISO-Belgesi-aksu-boya-antalya-boyaci-firma-01-500x705.jpg 500w, https:\/\/aksuboya.com\/wp-content\/uploads\/TSE-ISO-Belgesi-aksu-boya-antalya-boyaci-firma-01-213x300.jpg 213w, https:\/\/aksuboya.com\/wp-content\/uploads\/TSE-ISO-Belgesi-aksu-boya-antalya-boyaci-firma-01-730x1030.jpg 730w, https:\/\/aksuboya.com\/wp-content\/uploads\/TSE-ISO-Belgesi-aksu-boya-antalya-boyaci-firma-01-450x635.jpg 450w, https:\/\/aksuboya.com\/wp-content\/uploads\/TSE-ISO-Belgesi-aksu-boya-antalya-boyaci-firma-01.jpg 1000w\" sizes=\"(max-width: 500px) 100vw, 500px\" \/><\/div><\/div><\/figure><\/a><!--end av-masonry entry--><a href=\"https:\/\/aksuboya.com\/wp-content\/uploads\/TSE-ISO-Belgesi-aksu-boya-antalya-boyaci-firma-05-730x1030.jpg\" data-srcset=\"https:\/\/aksuboya.com\/wp-content\/uploads\/TSE-ISO-Belgesi-aksu-boya-antalya-boyaci-firma-05-730x1030.jpg 730w, https:\/\/aksuboya.com\/wp-content\/uploads\/TSE-ISO-Belgesi-aksu-boya-antalya-boyaci-firma-05-213x300.jpg 213w, https:\/\/aksuboya.com\/wp-content\/uploads\/TSE-ISO-Belgesi-aksu-boya-antalya-boyaci-firma-05-500x705.jpg 500w, https:\/\/aksuboya.com\/wp-content\/uploads\/TSE-ISO-Belgesi-aksu-boya-antalya-boyaci-firma-05-450x635.jpg 450w, https:\/\/aksuboya.com\/wp-content\/uploads\/TSE-ISO-Belgesi-aksu-boya-antalya-boyaci-firma-05.jpg 1000w\" data-sizes=\"(max-width: 730px) 100vw, 730px\"  aria-label=\"image image with no title\"  id='av-masonry-1-item-2132' data-av-masonry-item='2132' class='av-masonry-entry isotope-item post-2132 attachment type-attachment status-inherit hentry  av-masonry-item-with-image' title=\"\" alt=\"\"    itemprop=\"thumbnailUrl\" ><div class='av-inner-masonry-sizer'><\/div><figure class='av-inner-masonry main_color'><div class=\"av-masonry-outerimage-container\"><div class='av-masonry-image-container'   ><img decoding=\"async\" width=\"500\" height=\"705\" class=\"wp-image-2132 avia-img-lazy-loading-not-2132\"  src=\"https:\/\/aksuboya.com\/wp-content\/uploads\/TSE-ISO-Belgesi-aksu-boya-antalya-boyaci-firma-05-500x705.jpg\" title=\"\" alt=\"\" srcset=\"https:\/\/aksuboya.com\/wp-content\/uploads\/TSE-ISO-Belgesi-aksu-boya-antalya-boyaci-firma-05-500x705.jpg 500w, https:\/\/aksuboya.com\/wp-content\/uploads\/TSE-ISO-Belgesi-aksu-boya-antalya-boyaci-firma-05-213x300.jpg 213w, https:\/\/aksuboya.com\/wp-content\/uploads\/TSE-ISO-Belgesi-aksu-boya-antalya-boyaci-firma-05-730x1030.jpg 730w, https:\/\/aksuboya.com\/wp-content\/uploads\/TSE-ISO-Belgesi-aksu-boya-antalya-boyaci-firma-05-450x635.jpg 450w, https:\/\/aksuboya.com\/wp-content\/uploads\/TSE-ISO-Belgesi-aksu-boya-antalya-boyaci-firma-05.jpg 1000w\" sizes=\"(max-width: 500px) 100vw, 500px\" \/><\/div><\/div><\/figure><\/a><!--end av-masonry entry--><a href=\"https:\/\/aksuboya.com\/wp-content\/uploads\/TSE-ISO-Belgesi-aksu-boya-antalya-boyaci-firma-02-730x1030.jpg\" data-srcset=\"https:\/\/aksuboya.com\/wp-content\/uploads\/TSE-ISO-Belgesi-aksu-boya-antalya-boyaci-firma-02-730x1030.jpg 730w, https:\/\/aksuboya.com\/wp-content\/uploads\/TSE-ISO-Belgesi-aksu-boya-antalya-boyaci-firma-02-213x300.jpg 213w, https:\/\/aksuboya.com\/wp-content\/uploads\/TSE-ISO-Belgesi-aksu-boya-antalya-boyaci-firma-02-500x705.jpg 500w, https:\/\/aksuboya.com\/wp-content\/uploads\/TSE-ISO-Belgesi-aksu-boya-antalya-boyaci-firma-02-450x635.jpg 450w, https:\/\/aksuboya.com\/wp-content\/uploads\/TSE-ISO-Belgesi-aksu-boya-antalya-boyaci-firma-02.jpg 1000w\" data-sizes=\"(max-width: 730px) 100vw, 730px\"  aria-label=\"image image with no title\"  id='av-masonry-1-item-2129' data-av-masonry-item='2129' class='av-masonry-entry isotope-item post-2129 attachment type-attachment status-inherit hentry  av-masonry-item-with-image' title=\"\" alt=\"\"    itemprop=\"thumbnailUrl\" ><div class='av-inner-masonry-sizer'><\/div><figure class='av-inner-masonry main_color'><div class=\"av-masonry-outerimage-container\"><div class='av-masonry-image-container'   ><img decoding=\"async\" width=\"500\" height=\"705\" class=\"wp-image-2129 avia-img-lazy-loading-not-2129\"  src=\"https:\/\/aksuboya.com\/wp-content\/uploads\/TSE-ISO-Belgesi-aksu-boya-antalya-boyaci-firma-02-500x705.jpg\" title=\"\" alt=\"\" srcset=\"https:\/\/aksuboya.com\/wp-content\/uploads\/TSE-ISO-Belgesi-aksu-boya-antalya-boyaci-firma-02-500x705.jpg 500w, https:\/\/aksuboya.com\/wp-content\/uploads\/TSE-ISO-Belgesi-aksu-boya-antalya-boyaci-firma-02-213x300.jpg 213w, https:\/\/aksuboya.com\/wp-content\/uploads\/TSE-ISO-Belgesi-aksu-boya-antalya-boyaci-firma-02-730x1030.jpg 730w, https:\/\/aksuboya.com\/wp-content\/uploads\/TSE-ISO-Belgesi-aksu-boya-antalya-boyaci-firma-02-450x635.jpg 450w, https:\/\/aksuboya.com\/wp-content\/uploads\/TSE-ISO-Belgesi-aksu-boya-antalya-boyaci-firma-02.jpg 1000w\" sizes=\"(max-width: 500px) 100vw, 500px\" \/><\/div><\/div><\/figure><\/a><!--end av-masonry entry--><a href=\"https:\/\/aksuboya.com\/wp-content\/uploads\/TSE-ISO-Belgesi-aksu-boya-antalya-boyaci-firma-03-730x1030.jpg\" data-srcset=\"https:\/\/aksuboya.com\/wp-content\/uploads\/TSE-ISO-Belgesi-aksu-boya-antalya-boyaci-firma-03-730x1030.jpg 730w, https:\/\/aksuboya.com\/wp-content\/uploads\/TSE-ISO-Belgesi-aksu-boya-antalya-boyaci-firma-03-213x300.jpg 213w, https:\/\/aksuboya.com\/wp-content\/uploads\/TSE-ISO-Belgesi-aksu-boya-antalya-boyaci-firma-03-500x705.jpg 500w, https:\/\/aksuboya.com\/wp-content\/uploads\/TSE-ISO-Belgesi-aksu-boya-antalya-boyaci-firma-03-450x635.jpg 450w, https:\/\/aksuboya.com\/wp-content\/uploads\/TSE-ISO-Belgesi-aksu-boya-antalya-boyaci-firma-03.jpg 1000w\" data-sizes=\"(max-width: 730px) 100vw, 730px\"  aria-label=\"image image with no title\"  id='av-masonry-1-item-2130' data-av-masonry-item='2130' class='av-masonry-entry isotope-item post-2130 attachment type-attachment status-inherit hentry  av-masonry-item-with-image' title=\"\" alt=\"\"    itemprop=\"thumbnailUrl\" ><div class='av-inner-masonry-sizer'><\/div><figure class='av-inner-masonry main_color'><div class=\"av-masonry-outerimage-container\"><div class='av-masonry-image-container'   ><img decoding=\"async\" width=\"500\" height=\"705\" class=\"wp-image-2130 avia-img-lazy-loading-not-2130\"  src=\"https:\/\/aksuboya.com\/wp-content\/uploads\/TSE-ISO-Belgesi-aksu-boya-antalya-boyaci-firma-03-500x705.jpg\" title=\"\" alt=\"\" srcset=\"https:\/\/aksuboya.com\/wp-content\/uploads\/TSE-ISO-Belgesi-aksu-boya-antalya-boyaci-firma-03-500x705.jpg 500w, https:\/\/aksuboya.com\/wp-content\/uploads\/TSE-ISO-Belgesi-aksu-boya-antalya-boyaci-firma-03-213x300.jpg 213w, https:\/\/aksuboya.com\/wp-content\/uploads\/TSE-ISO-Belgesi-aksu-boya-antalya-boyaci-firma-03-730x1030.jpg 730w, https:\/\/aksuboya.com\/wp-content\/uploads\/TSE-ISO-Belgesi-aksu-boya-antalya-boyaci-firma-03-450x635.jpg 450w, https:\/\/aksuboya.com\/wp-content\/uploads\/TSE-ISO-Belgesi-aksu-boya-antalya-boyaci-firma-03.jpg 1000w\" sizes=\"(max-width: 500px) 100vw, 500px\" \/><\/div><\/div><\/figure><\/a><!--end av-masonry entry--><a href=\"https:\/\/aksuboya.com\/wp-content\/uploads\/TSE-ISO-Belgesi-aksu-boya-antalya-boyaci-firma-06-1030x730.jpg\" data-srcset=\"https:\/\/aksuboya.com\/wp-content\/uploads\/TSE-ISO-Belgesi-aksu-boya-antalya-boyaci-firma-06-1030x730.jpg 1030w, https:\/\/aksuboya.com\/wp-content\/uploads\/TSE-ISO-Belgesi-aksu-boya-antalya-boyaci-firma-06-300x213.jpg 300w, https:\/\/aksuboya.com\/wp-content\/uploads\/TSE-ISO-Belgesi-aksu-boya-antalya-boyaci-firma-06-260x185.jpg 260w, https:\/\/aksuboya.com\/wp-content\/uploads\/TSE-ISO-Belgesi-aksu-boya-antalya-boyaci-firma-06-705x500.jpg 705w, https:\/\/aksuboya.com\/wp-content\/uploads\/TSE-ISO-Belgesi-aksu-boya-antalya-boyaci-firma-06-450x319.jpg 450w, https:\/\/aksuboya.com\/wp-content\/uploads\/TSE-ISO-Belgesi-aksu-boya-antalya-boyaci-firma-06.jpg 1411w\" data-sizes=\"(max-width: 1030px) 100vw, 1030px\"  aria-label=\"image image with no title\"  id='av-masonry-1-item-2133' data-av-masonry-item='2133' class='av-masonry-entry isotope-item post-2133 attachment type-attachment status-inherit hentry  av-masonry-item-with-image' title=\"\" alt=\"\"    itemprop=\"thumbnailUrl\" ><div class='av-inner-masonry-sizer'><\/div><figure class='av-inner-masonry main_color'><div class=\"av-masonry-outerimage-container\"><div class='av-masonry-image-container'   ><img decoding=\"async\" width=\"705\" height=\"500\" class=\"wp-image-2133 avia-img-lazy-loading-not-2133\"  src=\"https:\/\/aksuboya.com\/wp-content\/uploads\/TSE-ISO-Belgesi-aksu-boya-antalya-boyaci-firma-06-705x500.jpg\" title=\"\" alt=\"\" srcset=\"https:\/\/aksuboya.com\/wp-content\/uploads\/TSE-ISO-Belgesi-aksu-boya-antalya-boyaci-firma-06-705x500.jpg 705w, https:\/\/aksuboya.com\/wp-content\/uploads\/TSE-ISO-Belgesi-aksu-boya-antalya-boyaci-firma-06-300x213.jpg 300w, https:\/\/aksuboya.com\/wp-content\/uploads\/TSE-ISO-Belgesi-aksu-boya-antalya-boyaci-firma-06-1030x730.jpg 1030w, https:\/\/aksuboya.com\/wp-content\/uploads\/TSE-ISO-Belgesi-aksu-boya-antalya-boyaci-firma-06-260x185.jpg 260w, https:\/\/aksuboya.com\/wp-content\/uploads\/TSE-ISO-Belgesi-aksu-boya-antalya-boyaci-firma-06-450x319.jpg 450w, https:\/\/aksuboya.com\/wp-content\/uploads\/TSE-ISO-Belgesi-aksu-boya-antalya-boyaci-firma-06.jpg 1411w\" sizes=\"(max-width: 705px) 100vw, 705px\" \/><\/div><\/div><\/figure><\/a><!--end av-masonry entry--><\/div><\/div>\n\n<style type=\"text\/css\" data-created_by=\"avia_inline_auto\" id=\"style-css-av-av_one_fourth-9497bbf8bff73ea4c6992cc17fa9ec36\">\n.flex_column.av-av_one_fourth-9497bbf8bff73ea4c6992cc17fa9ec36{\n-webkit-border-radius:0px 0px 0px 0px;\n-moz-border-radius:0px 0px 0px 0px;\nborder-radius:0px 0px 0px 0px;\n}\n<\/style>\n<div class='flex_column av-av_one_fourth-9497bbf8bff73ea4c6992cc17fa9ec36 av_one_fourth  avia-builder-el-7  el_after_av_masonry_gallery  el_before_av_one_half  avia-builder-el-first  first flex_column_div av-zero-column-padding '     ><\/div>\n<style type=\"text\/css\" data-created_by=\"avia_inline_auto\" id=\"style-css-av-av_one_half-9c1d454dc06f7247226bc4e8f931daae\">\n.flex_column.av-av_one_half-9c1d454dc06f7247226bc4e8f931daae{\n-webkit-border-radius:0px 0px 0px 0px;\n-moz-border-radius:0px 0px 0px 0px;\nborder-radius:0px 0px 0px 0px;\n}\n<\/style>\n<div class='flex_column av-av_one_half-9c1d454dc06f7247226bc4e8f931daae av_one_half  avia-builder-el-8  el_after_av_one_fourth  el_before_av_one_fourth  flex_column_div av-zero-column-padding '     ><p>\n<style type=\"text\/css\" data-created_by=\"avia_inline_auto\" id=\"style-css-av-av_hr-cecbc6c690b0b82626b7d3754e8fe63d\">\n#top .hr.av-av_hr-cecbc6c690b0b82626b7d3754e8fe63d{\nmargin-top:0px;\nmargin-bottom:20px;\n}\n.hr.av-av_hr-cecbc6c690b0b82626b7d3754e8fe63d .hr-inner{\nwidth:100px;\nmax-width:45%;\n}\n.hr.av-av_hr-cecbc6c690b0b82626b7d3754e8fe63d .av-seperator-icon{\ncolor:#6d6d6d;\n}\n<\/style>\n<div  class='hr av-av_hr-cecbc6c690b0b82626b7d3754e8fe63d hr-custom  avia-builder-el-9  el_before_av_social_share  avia-builder-el-first  hr-center hr-icon-yes'><span class='hr-inner inner-border-av-border-thin'><span class=\"hr-inner-style\"><\/span><\/span><span class='av-seperator-icon' aria-hidden='true' data-av_icon='\ue857' data-av_iconfont='entypo-fontello'><\/span><span class='hr-inner inner-border-av-border-thin'><span class=\"hr-inner-style\"><\/span><\/span><\/div><br \/>\n<div  class='av-social-sharing-box av-av_social_share-9e76c3a3d696a767864f78fc4d816411 av-social-sharing-box-default  avia-builder-el-10  el_after_av_hr  avia-builder-el-last  av-social-sharing-box-fullwidth'><div class=\"av-share-box\"><ul class=\"av-share-box-list noLightbox\"><li class='av-share-link av-social-link-facebook' ><a target=\"_blank\" aria-label=\"Share on Facebook\" href='https:\/\/www.facebook.com\/sharer.php?u=https:\/\/aksuboya.com\/ar\/kalite-belgelerimiz\/&#038;t=%D9%88%D8%AB%D8%A7%D8%A6%D9%82%20%D8%A7%D9%84%D8%AC%D9%88%D8%AF%D8%A9%20KAL%C4%B0TE%20BELGELER%C4%B0M%C4%B0Z' aria-hidden='false' data-av_icon='\ue8f3' data-av_iconfont='entypo-fontello' title='' data-avia-related-tooltip='Share on Facebook' rel=\"noopener\"><span class='avia_hidden_link_text'>Share on Facebook<\/span><\/a><\/li><li class='av-share-link av-social-link-twitter' ><a target=\"_blank\" aria-label=\"Share on Twitter\" href='https:\/\/twitter.com\/share?text=%D9%88%D8%AB%D8%A7%D8%A6%D9%82%20%D8%A7%D9%84%D8%AC%D9%88%D8%AF%D8%A9%20KAL%C4%B0TE%20BELGELER%C4%B0M%C4%B0Z&#038;url=https:\/\/aksuboya.com\/ar\/?p=3921' aria-hidden='false' data-av_icon='\ue8f1' data-av_iconfont='entypo-fontello' title='' data-avia-related-tooltip='Share on Twitter' rel=\"noopener\"><span class='avia_hidden_link_text'>Share on Twitter<\/span><\/a><\/li><li class='av-share-link av-social-link-whatsapp' ><a target=\"_blank\" aria-label=\"Share on WhatsApp\" href='https:\/\/api.whatsapp.com\/send?text=https:\/\/aksuboya.com\/ar\/kalite-belgelerimiz\/' aria-hidden='false' data-av_icon='\uf232' data-av_iconfont='entypo-fontello' title='' data-avia-related-tooltip='Share on WhatsApp' rel=\"noopener\"><span class='avia_hidden_link_text'>Share on WhatsApp<\/span><\/a><\/li><li class='av-share-link av-social-link-pinterest' ><a target=\"_blank\" aria-label=\"Share on Pinterest\" href='https:\/\/pinterest.com\/pin\/create\/button\/?url=https%3A%2F%2Faksuboya.com%2Far%2Fkalite-belgelerimiz%2F&#038;description=%D9%88%D8%AB%D8%A7%D8%A6%D9%82%20%D8%A7%D9%84%D8%AC%D9%88%D8%AF%D8%A9%20KAL%C4%B0TE%20BELGELER%C4%B0M%C4%B0Z&#038;media=' aria-hidden='false' data-av_icon='\ue8f8' data-av_iconfont='entypo-fontello' title='' data-avia-related-tooltip='Share on Pinterest' rel=\"noopener\"><span class='avia_hidden_link_text'>Share on Pinterest<\/span><\/a><\/li><li class='av-share-link av-social-link-linkedin' ><a target=\"_blank\" aria-label=\"Share on LinkedIn\" href='https:\/\/linkedin.com\/shareArticle?mini=true&#038;title=%D9%88%D8%AB%D8%A7%D8%A6%D9%82%20%D8%A7%D9%84%D8%AC%D9%88%D8%AF%D8%A9%20KAL%C4%B0TE%20BELGELER%C4%B0M%C4%B0Z&#038;url=https:\/\/aksuboya.com\/ar\/kalite-belgelerimiz\/' aria-hidden='false' data-av_icon='\ue8fc' data-av_iconfont='entypo-fontello' title='' data-avia-related-tooltip='Share on LinkedIn' rel=\"noopener\"><span class='avia_hidden_link_text'>Share on LinkedIn<\/span><\/a><\/li><li class='av-share-link av-social-link-tumblr' ><a target=\"_blank\" aria-label=\"Share on Tumblr\" href='https:\/\/www.tumblr.com\/share\/link?url=https%3A%2F%2Faksuboya.com%2Far%2Fkalite-belgelerimiz%2F&#038;name=%D9%88%D8%AB%D8%A7%D8%A6%D9%82%20%D8%A7%D9%84%D8%AC%D9%88%D8%AF%D8%A9%20KAL%C4%B0TE%20BELGELER%C4%B0M%C4%B0Z&#038;description=' aria-hidden='false' data-av_icon='\ue8fa' data-av_iconfont='entypo-fontello' title='' data-avia-related-tooltip='Share on Tumblr' rel=\"noopener\"><span class='avia_hidden_link_text'>Share on Tumblr<\/span><\/a><\/li><li class='av-share-link av-social-link-vk' ><a target=\"_blank\" aria-label=\"Share on Vk\" href='https:\/\/vk.com\/share.php?url=https:\/\/aksuboya.com\/ar\/kalite-belgelerimiz\/' aria-hidden='false' data-av_icon='\ue926' data-av_iconfont='entypo-fontello' title='' data-avia-related-tooltip='Share on Vk' rel=\"noopener\"><span class='avia_hidden_link_text'>Share on Vk<\/span><\/a><\/li><li class='av-share-link av-social-link-reddit' ><a target=\"_blank\" aria-label=\"Share on Reddit\" href='https:\/\/reddit.com\/submit?url=https:\/\/aksuboya.com\/ar\/kalite-belgelerimiz\/&#038;title=%D9%88%D8%AB%D8%A7%D8%A6%D9%82%20%D8%A7%D9%84%D8%AC%D9%88%D8%AF%D8%A9%20KAL%C4%B0TE%20BELGELER%C4%B0M%C4%B0Z' aria-hidden='false' data-av_icon='\ue927' data-av_iconfont='entypo-fontello' title='' data-avia-related-tooltip='Share on Reddit' rel=\"noopener\"><span class='avia_hidden_link_text'>Share on Reddit<\/span><\/a><\/li><li class='av-share-link av-social-link-mail' ><a  aria-label=\"Share by Mail\" href='mailto:?subject=%D9%88%D8%AB%D8%A7%D8%A6%D9%82%20%D8%A7%D9%84%D8%AC%D9%88%D8%AF%D8%A9%20KAL%C4%B0TE%20BELGELER%C4%B0M%C4%B0Z&#038;body=https:\/\/aksuboya.com\/ar\/kalite-belgelerimiz\/' aria-hidden='false' data-av_icon='\ue805' data-av_iconfont='entypo-fontello' title='' data-avia-related-tooltip='Share by Mail'><span class='avia_hidden_link_text'>Share by Mail<\/span><\/a><\/li><\/ul><\/div><\/div><\/p><\/div>\n<style type=\"text\/css\" data-created_by=\"avia_inline_auto\" id=\"style-css-av-av_one_fourth-9c1d454dc06f7247226bc4e8f931daae\">\n.flex_column.av-av_one_fourth-9c1d454dc06f7247226bc4e8f931daae{\n-webkit-border-radius:0px 0px 0px 0px;\n-moz-border-radius:0px 0px 0px 0px;\nborder-radius:0px 0px 0px 0px;\n}\n<\/style>\n<div class='flex_column av-av_one_fourth-9c1d454dc06f7247226bc4e8f931daae av_one_fourth  avia-builder-el-11  el_after_av_one_half  avia-builder-el-last  flex_column_div av-zero-column-padding '     ><\/div>\n<\/p>\n","protected":false},"excerpt":{"rendered":"","protected":false},"author":1,"featured_media":0,"parent":0,"menu_order":0,"comment_status":"closed","ping_status":"closed","template":"","meta":[],"_links":{"self":[{"href":"https:\/\/aksuboya.com\/ar\/wp-json\/wp\/v2\/pages\/3921"}],"collection":[{"href":"https:\/\/aksuboya.com\/ar\/wp-json\/wp\/v2\/pages"}],"about":[{"href":"https:\/\/aksuboya.com\/ar\/wp-json\/wp\/v2\/types\/page"}],"author":[{"embeddable":true,"href":"https:\/\/aksuboya.com\/ar\/wp-json\/wp\/v2\/users\/1"}],"replies":[{"embeddable":true,"href":"https:\/\/aksuboya.com\/ar\/wp-json\/wp\/v2\/comments?post=3921"}],"version-history":[{"count":0,"href":"https:\/\/aksuboya.com\/ar\/wp-json\/wp\/v2\/pages\/3921\/revisions"}],"wp:attachment":[{"href":"https:\/\/aksuboya.com\/ar\/wp-json\/wp\/v2\/media?parent=3921"}],"curies":[{"name":"wp","href":"https:\/\/api.w.org\/{rel}","templated":true}]}}