{"id":3069,"date":"2015-12-23T00:08:56","date_gmt":"2015-12-22T22:08:56","guid":{"rendered":"http:\/\/aksuboya.com\/en\/iletisim\/"},"modified":"2020-02-24T23:29:50","modified_gmt":"2020-02-24T20:29:50","slug":"contact-us","status":"publish","type":"page","link":"https:\/\/aksuboya.com\/en\/contact-us\/","title":{"rendered":"CONTACT US"},"content":{"rendered":"\n<style type=\"text\/css\" data-created_by=\"avia_inline_auto\" id=\"style-css-av-zrt3a5-234e3dba5bd20a6158f74218d9c79bc5\">\n.avia-section.av-zrt3a5-234e3dba5bd20a6158f74218d9c79bc5{\nbackground-color:#4eacc9;\nbackground-image:unset;\n}\n.avia-section.av-zrt3a5-234e3dba5bd20a6158f74218d9c79bc5 .av-section-color-overlay{\nopacity:1;\nbackground-image:url(https:\/\/aksuboya.com\/wp-content\/themes\/501\/images\/background-images\/ios-linen-dark.png);\nbackground-repeat:repeat;\n}\n<\/style>\n<div id='av_section_1'  class='avia-section av-zrt3a5-234e3dba5bd20a6158f74218d9c79bc5 alternate_color avia-section-small avia-no-border-styling  avia-builder-el-0  el_before_av_google_map  avia-builder-el-first  avia-bg-style-scroll av-section-color-overlay-active container_wrap fullsize'  ><div class=\"av-section-color-overlay-wrap\"><div class=\"av-section-color-overlay\"><\/div><div class='container av-section-cont-open' ><main  role=\"main\" itemprop=\"mainContentOfPage\"  class='template-page content  av-content-full alpha units'><div class='post-entry post-entry-type-page post-entry-3069'><div class='entry-content-wrapper clearfix'>\n\n<style type=\"text\/css\" data-created_by=\"avia_inline_auto\" id=\"style-css-av-y0ca71-bff900e9eb77703bbd9a9b790619d5e8\">\n.flex_column.av-y0ca71-bff900e9eb77703bbd9a9b790619d5e8{\n-webkit-border-radius:0px 0px 0px 0px;\n-moz-border-radius:0px 0px 0px 0px;\nborder-radius:0px 0px 0px 0px;\n}\n<\/style>\n<div class='flex_column av-y0ca71-bff900e9eb77703bbd9a9b790619d5e8 av_one_third  avia-builder-el-1  el_before_av_one_third  avia-builder-el-first  first flex_column_div av-zero-column-padding '     ><\/div>\n<style type=\"text\/css\" data-created_by=\"avia_inline_auto\" id=\"style-css-av-35wptp-0b836b35d58dc6e1685cd0d25dd3be48\">\n.flex_column.av-35wptp-0b836b35d58dc6e1685cd0d25dd3be48{\n-webkit-border-radius:0px 0px 0px 0px;\n-moz-border-radius:0px 0px 0px 0px;\nborder-radius:0px 0px 0px 0px;\n}\n<\/style>\n<div class='flex_column av-35wptp-0b836b35d58dc6e1685cd0d25dd3be48 av_one_third  avia-builder-el-2  el_after_av_one_third  el_before_av_one_third  flex_column_div av-zero-column-padding '     ><style type=\"text\/css\" data-created_by=\"avia_inline_auto\" id=\"style-css-av-vd52kd-6b47555cabf0e629045862fcc0d10327\">\n#top .av-special-heading.av-vd52kd-6b47555cabf0e629045862fcc0d10327{\npadding-bottom:5px;\ncolor:#ffffff;\nfont-size:20px;\n}\nbody .av-special-heading.av-vd52kd-6b47555cabf0e629045862fcc0d10327 .av-special-heading-tag .heading-char{\nfont-size:25px;\n}\n#top #wrap_all .av-special-heading.av-vd52kd-6b47555cabf0e629045862fcc0d10327 .av-special-heading-tag{\nfont-size:20px;\n}\n.av-special-heading.av-vd52kd-6b47555cabf0e629045862fcc0d10327 .special-heading-inner-border{\nborder-color:#ffffff;\n}\n.av-special-heading.av-vd52kd-6b47555cabf0e629045862fcc0d10327 .av-subheading{\nfont-size:14px;\n}\n\n@media only screen and (min-width: 480px) and (max-width: 767px){ \n#top #wrap_all .av-special-heading.av-vd52kd-6b47555cabf0e629045862fcc0d10327 .av-special-heading-tag{\nfont-size:0.8em;\n}\n}\n\n@media only screen and (max-width: 479px){ \n#top #wrap_all .av-special-heading.av-vd52kd-6b47555cabf0e629045862fcc0d10327 .av-special-heading-tag{\nfont-size:0.8em;\n}\n}\n<\/style>\n<div  class='av-special-heading av-vd52kd-6b47555cabf0e629045862fcc0d10327 av-special-heading-h3 custom-color-heading blockquote modern-quote modern-centered  avia-builder-el-3  avia-builder-el-no-sibling  av-inherit-size'><h3 class='av-special-heading-tag'  itemprop=\"headline\"  >CONTACT<\/h3><div class='av_custom_color av-subheading av-subheading_below'><p>Get in touch with us<\/p>\n<\/div><div class=\"special-heading-border\"><div class=\"special-heading-inner-border\"><\/div><\/div><\/div><\/div>\n<style type=\"text\/css\" data-created_by=\"avia_inline_auto\" id=\"style-css-av-t4ozb1-bfc5ea2e4780bbabed62267c1696d591\">\n.flex_column.av-t4ozb1-bfc5ea2e4780bbabed62267c1696d591{\n-webkit-border-radius:0px 0px 0px 0px;\n-moz-border-radius:0px 0px 0px 0px;\nborder-radius:0px 0px 0px 0px;\n}\n<\/style>\n<div class='flex_column av-t4ozb1-bfc5ea2e4780bbabed62267c1696d591 av_one_third  avia-builder-el-4  el_after_av_one_third  avia-builder-el-last  flex_column_div av-zero-column-padding '     ><\/div>\n\n<div  class='av_gmaps_sc_main_wrap av_gmaps_main_wrap '><div id='av_gmap_0' class='avia-google-map-container avia-google-map-sc av_gmaps_show_unconditionally av-no-fallback-img ' data-mapid='av_gmap_0'  style='height: 420px;'><a class=\"av_gmaps_browser_disabled av_text_confirm_link av_text_confirm_link_visible\" href=\"https:\/\/www.google.com\/maps\/search\/?api=1&#038;query=ORGAN\u0130ZE%20SANAY\u0130%20B\u00d6LGES\u0130%202.%20KISIM%20ALANI%2025.CADDE%20NO:1%20ANTALYA,07190%20%20ANTALYA%20%20T\u00dcRK\u0130YE\" target=\"_blank\" rel=\"noopener\">Maps were disabled by the visitor on this site. Click to open the map in a new window.<\/a><\/div><\/div>\n\n<style type=\"text\/css\" data-created_by=\"avia_inline_auto\" id=\"style-css-av-n2ror1-dddc661f9973f91344e8e2de80cdbc24\">\n.avia-section.av-n2ror1-dddc661f9973f91344e8e2de80cdbc24 .av-parallax .av-parallax-inner{\nbackground-repeat:no-repeat;\nbackground-image:url(https:\/\/aksuboya.com\/wp-content\/uploads\/2015\/12\/bg-01.jpg);\nbackground-position:0% 0%;\nbackground-attachment:scroll;\n}\n.avia-section.av-n2ror1-dddc661f9973f91344e8e2de80cdbc24 .av-section-color-overlay{\nopacity:0.2;\nbackground-image:url(https:\/\/aksuboya.com\/wp-content\/themes\/501\/images\/background-images\/floral-dark.png);\nbackground-repeat:repeat;\n}\n<\/style>\n<div id='av_section_2'  class='avia-section av-n2ror1-dddc661f9973f91344e8e2de80cdbc24 main_color avia-section-default avia-no-border-styling  avia-builder-el-6  el_after_av_google_map  el_before_av_section  avia-full-stretch av-parallax-section avia-bg-style-parallax av-section-color-overlay-active container_wrap fullsize'  data-section-bg-repeat='stretch'><div class='av-parallax' data-avia-parallax-ratio='0.3' ><div class='av-parallax-inner main_color avia-full-stretch'><\/div><\/div><div class=\"av-section-color-overlay-wrap\"><div class=\"av-section-color-overlay\"><\/div><div class='container av-section-cont-open' ><div class='template-page content  av-content-full alpha units'><div class='post-entry post-entry-type-page post-entry-3069'><div class='entry-content-wrapper clearfix'>\n\n<style type=\"text\/css\" data-created_by=\"avia_inline_auto\" id=\"style-css-av-l9a07h-aebf9b78f796d5be43fbca67e1031f5f\">\n.flex_column.av-l9a07h-aebf9b78f796d5be43fbca67e1031f5f{\n-webkit-border-radius:0px 0px 0px 0px;\n-moz-border-radius:0px 0px 0px 0px;\nborder-radius:0px 0px 0px 0px;\n}\n<\/style>\n<div class='flex_column av-l9a07h-aebf9b78f796d5be43fbca67e1031f5f av_three_fifth  avia-builder-el-7  el_before_av_two_fifth  avia-builder-el-first  first flex_column_div av-zero-column-padding '     ><style type=\"text\/css\" data-created_by=\"avia_inline_auto\" id=\"style-css-av-is924d-aeac86460f3e19cb0366ed7e2518bb31\">\n.iconbox.av-is924d-aeac86460f3e19cb0366ed7e2518bb31 .iconbox_icon{\nbackground-color:#ffffff;\n}\n<\/style>\n<article  class='iconbox iconbox_left_content av-is924d-aeac86460f3e19cb0366ed7e2518bb31  avia-builder-el-8  avia-builder-el-no-sibling '  itemscope=\"itemscope\" itemtype=\"https:\/\/schema.org\/CreativeWork\" ><div class=\"iconbox_icon heading-color\" aria-hidden='true' data-av_icon='\ue8b7' data-av_iconfont='entypo-fontello'><\/div><div class=\"iconbox_content\"><header class=\"entry-content-header\"><h3 class='iconbox_content_title '  itemprop=\"headline\" >Contact Us<\/h3><\/header><div class='iconbox_content_container '  itemprop=\"text\" ><p>If you want to share your \u00a0opinion ,suggestions or complaints our all products .You can contact us by writing the message &#8220;CONTACT FORM &#8220;. Do not hesitate, take into account your expectations and all kinds of problems. We&#8217;ll get back to you as soon as possible to evaluate.<\/p>\n<\/div><\/div><footer class=\"entry-footer\"><\/footer><\/article><\/div>\n<style type=\"text\/css\" data-created_by=\"avia_inline_auto\" id=\"style-css-av-h3f78t-2266d73035a4b179297d5845a62772cb\">\n.flex_column.av-h3f78t-2266d73035a4b179297d5845a62772cb{\n-webkit-border-radius:0px 0px 0px 0px;\n-moz-border-radius:0px 0px 0px 0px;\nborder-radius:0px 0px 0px 0px;\n}\n<\/style>\n<div class='flex_column av-h3f78t-2266d73035a4b179297d5845a62772cb av_two_fifth  avia-builder-el-9  el_after_av_three_fifth  avia-builder-el-last  flex_column_div av-zero-column-padding '     ><\/div>\n\n<\/div><\/div><\/main><!-- close content main element --><\/div><\/div><\/div>\n<style type=\"text\/css\" data-created_by=\"avia_inline_auto\" id=\"style-css-av-g2ym5p-e89c3720b6c969a744c233f784632fba\">\n.avia-section.av-g2ym5p-e89c3720b6c969a744c233f784632fba{\nbackground-color:#f4f4f4;\nbackground-image:unset;\n}\n.avia-section.av-g2ym5p-e89c3720b6c969a744c233f784632fba .av-section-color-overlay{\nopacity:0.5;\n}\n<\/style>\n<div id='av_section_3'  class='avia-section av-g2ym5p-e89c3720b6c969a744c233f784632fba main_color avia-section-default avia-shadow  avia-builder-el-10  el_after_av_section  avia-builder-el-last  avia-bg-style-scroll av-section-color-overlay-active container_wrap fullsize'  ><div class=\"av-section-color-overlay-wrap\"><div class=\"av-section-color-overlay\"><\/div><div class='container av-section-cont-open' ><div class='template-page content  av-content-full alpha units'><div class='post-entry post-entry-type-page post-entry-3069'><div class='entry-content-wrapper clearfix'>\n\n<style type=\"text\/css\" data-created_by=\"avia_inline_auto\" id=\"style-css-av-e1cd7h-46247aee6a00ffc354618e69c98cc969\">\n.flex_column.av-e1cd7h-46247aee6a00ffc354618e69c98cc969{\n-webkit-border-radius:0px 0px 0px 0px;\n-moz-border-radius:0px 0px 0px 0px;\nborder-radius:0px 0px 0px 0px;\n}\n<\/style>\n<div class='flex_column av-e1cd7h-46247aee6a00ffc354618e69c98cc969 av_one_half  avia-builder-el-11  el_before_av_one_half  avia-builder-el-first  first flex_column_div av-animated-generic fade-in av-zero-column-padding '     ><p>\n<style type=\"text\/css\" data-created_by=\"avia_inline_auto\" id=\"style-css-av-av_heading-fbcad6dbb87bbbad7468b6edc7ce3f52\">\n#top .av-special-heading.av-av_heading-fbcad6dbb87bbbad7468b6edc7ce3f52{\npadding-bottom:10px;\n}\nbody .av-special-heading.av-av_heading-fbcad6dbb87bbbad7468b6edc7ce3f52 .av-special-heading-tag .heading-char{\nfont-size:25px;\n}\n.av-special-heading.av-av_heading-fbcad6dbb87bbbad7468b6edc7ce3f52 .av-subheading{\nfont-size:15px;\n}\n<\/style>\n<div  class='av-special-heading av-av_heading-fbcad6dbb87bbbad7468b6edc7ce3f52 av-special-heading-h4  avia-builder-el-12  el_before_av_textblock  avia-builder-el-first '><h4 class='av-special-heading-tag'  itemprop=\"headline\"  >Contact Form<\/h4><div class=\"special-heading-border\"><div class=\"special-heading-inner-border\"><\/div><\/div><\/div><br \/>\n<section  class='av_textblock_section av-aula2l-b36d2ad8734d1782ce75bf8181da472f'  itemscope=\"itemscope\" itemtype=\"https:\/\/schema.org\/CreativeWork\" ><div class='avia_textblock'  itemprop=\"text\" >\n<div class=\"wpcf7 no-js\" id=\"wpcf7-f2416-o1\" lang=\"tr-TR\" dir=\"ltr\">\n<div class=\"screen-reader-response\"><p role=\"status\" aria-live=\"polite\" aria-atomic=\"true\"><\/p> <ul><\/ul><\/div>\n<form action=\"\/en\/wp-json\/wp\/v2\/pages\/3069#wpcf7-f2416-o1\" method=\"post\" class=\"wpcf7-form init\" aria-label=\"Contact form\" novalidate=\"novalidate\" data-status=\"init\">\n<div style=\"display: none;\">\n<input type=\"hidden\" name=\"_wpcf7\" value=\"2416\" \/>\n<input type=\"hidden\" name=\"_wpcf7_version\" value=\"5.7.5.1\" \/>\n<input type=\"hidden\" name=\"_wpcf7_locale\" value=\"tr_TR\" \/>\n<input type=\"hidden\" name=\"_wpcf7_unit_tag\" value=\"wpcf7-f2416-o1\" \/>\n<input type=\"hidden\" name=\"_wpcf7_container_post\" value=\"0\" \/>\n<input type=\"hidden\" name=\"_wpcf7_posted_data_hash\" value=\"\" \/>\n<\/div>\n<p>NAME ( MUST )\n<\/p>\n<p><span class=\"wpcf7-form-control-wrap\" data-name=\"your-name\"><input size=\"40\" class=\"wpcf7-form-control wpcf7-text wpcf7-validates-as-required\" aria-required=\"true\" aria-invalid=\"false\" value=\"\" type=\"text\" name=\"your-name\" \/><\/span>\n<\/p>\n<p>E-MAIL ( MUST )\n<\/p>\n<p><span class=\"wpcf7-form-control-wrap\" data-name=\"your-email\"><input size=\"40\" class=\"wpcf7-form-control wpcf7-text wpcf7-email wpcf7-validates-as-required wpcf7-validates-as-email\" aria-required=\"true\" aria-invalid=\"false\" value=\"\" type=\"email\" name=\"your-email\" \/><\/span>\n<\/p>\n<p>SUBJECT\n<\/p>\n<p><span class=\"wpcf7-form-control-wrap\" data-name=\"your-subject\"><input size=\"40\" class=\"wpcf7-form-control wpcf7-text\" aria-invalid=\"false\" value=\"\" type=\"text\" name=\"your-subject\" \/><\/span>\n<\/p>\n<p>MESSAGE\n<\/p>\n<p><span class=\"wpcf7-form-control-wrap\" data-name=\"your-message\"><textarea cols=\"40\" rows=\"10\" class=\"wpcf7-form-control wpcf7-textarea\" aria-invalid=\"false\" name=\"your-message\"><\/textarea><\/span>\n<\/p>\n<p><input class=\"wpcf7-form-control has-spinner wpcf7-submit\" type=\"submit\" value=\"SEND MESSAGE\" \/>\n<\/p><p style=\"display: none !important;\"><label>&#916;<textarea name=\"_wpcf7_ak_hp_textarea\" cols=\"45\" rows=\"8\" maxlength=\"100\"><\/textarea><\/label><input type=\"hidden\" id=\"ak_js_1\" name=\"_wpcf7_ak_js\" value=\"236\"\/><script>document.getElementById( \"ak_js_1\" ).setAttribute( \"value\", ( new Date() ).getTime() );<\/script><\/p><div class=\"wpcf7-response-output\" aria-hidden=\"true\"><\/div>\n<\/form>\n<\/div>\n\n<\/div><\/section><\/p><\/div>\n<style type=\"text\/css\" data-created_by=\"avia_inline_auto\" id=\"style-css-av-90mnyl-65065d25e924737eb7ffd3ec90a0d290\">\n.flex_column.av-90mnyl-65065d25e924737eb7ffd3ec90a0d290{\nborder-width:1px;\nborder-color:#ededed;\nborder-style:solid;\n-webkit-border-radius:3px 3px 3px 3px;\n-moz-border-radius:3px 3px 3px 3px;\nborder-radius:3px 3px 3px 3px;\npadding:10px 10px 10px 10px;\nbackground-color:rgba(255,255,255,0.6);\n}\n<\/style>\n<div class='flex_column av-90mnyl-65065d25e924737eb7ffd3ec90a0d290 av_one_half  avia-builder-el-14  el_after_av_one_half  avia-builder-el-last  flex_column_div av-animated-generic right-to-left '     ><style type=\"text\/css\" data-created_by=\"avia_inline_auto\" id=\"style-css-av-7fa6z1-629948390d68929115cb775ac6f0413c\">\n.iconbox.av-7fa6z1-629948390d68929115cb775ac6f0413c .iconbox_icon{\nborder:1px solid #e5097f;\ncolor:#000066;\n}\n<\/style>\n<article  class='iconbox iconbox_top av-7fa6z1-629948390d68929115cb775ac6f0413c av-no-box  avia-builder-el-15  el_before_av_icon_box  avia-builder-el-first '  itemscope=\"itemscope\" itemtype=\"https:\/\/schema.org\/CreativeWork\" ><div class=\"iconbox_content\"><header class=\"entry-content-header\"><div class=\"iconbox_icon heading-color\" aria-hidden='true' data-av_icon='\ue842' data-av_iconfont='entypo-fontello'><\/div><\/header><div class='iconbox_content_container '  itemprop=\"text\" ><h4>MAIN OFFICE &#8211; FACTORY<\/h4>\n<p>ORGAN\u0130ZE SANAY\u0130 B\u00d6LGES\u0130 2. K\u0131s\u0131m 25. Cadde No: 1<br \/>\n07190 D\u00d6\u015eEMEALTI \/ ANTALYA \/ T\u00dcRK\u0130YE<\/p>\n<\/div><\/div><footer class=\"entry-footer\"><\/footer><\/article><br \/>\n\n<style type=\"text\/css\" data-created_by=\"avia_inline_auto\" id=\"style-css-av-2djiz-bc220b59359c621fb9aff33f34032d8a\">\n.iconbox.av-2djiz-bc220b59359c621fb9aff33f34032d8a .iconbox_icon{\nbackground-color:#ededed;\nborder:1px solid #e1e1e1;\ncolor:#000066;\n}\n<\/style>\n<article  class='iconbox iconbox_top av-2djiz-bc220b59359c621fb9aff33f34032d8a  avia-builder-el-16  el_after_av_icon_box  el_before_av_icon_box  main_color'  itemscope=\"itemscope\" itemtype=\"https:\/\/schema.org\/CreativeWork\" ><div class=\"iconbox_content\"><header class=\"entry-content-header\"><div class=\"iconbox_icon heading-color\" aria-hidden='true' data-av_icon='\ue854' data-av_iconfont='entypo-fontello'><\/div><\/header><div class='iconbox_content_container '  itemprop=\"text\" ><p>+90 242 344 04 34 &#8211; +90 242 344 04 64 &#8211; +90 242 258 15 55<\/p>\n<\/div><\/div><footer class=\"entry-footer\"><\/footer><\/article><br \/>\n\n<style type=\"text\/css\" data-created_by=\"avia_inline_auto\" id=\"style-css-av-2djiz-59fbc3451fe442f08ddb029ef48b95ad\">\n.iconbox.av-2djiz-59fbc3451fe442f08ddb029ef48b95ad .iconbox_icon{\nbackground-color:#ededed;\nborder:1px solid #e1e1e1;\ncolor:#000066;\n}\n<\/style>\n<article  class='iconbox iconbox_top av-2djiz-59fbc3451fe442f08ddb029ef48b95ad  avia-builder-el-17  el_after_av_icon_box  el_before_av_icon_box  main_color'  itemscope=\"itemscope\" itemtype=\"https:\/\/schema.org\/CreativeWork\" ><div class=\"iconbox_content\"><header class=\"entry-content-header\"><div class=\"iconbox_icon heading-color\" aria-hidden='true' data-av_icon='\ue838' data-av_iconfont='entypo-fontello'><\/div><\/header><div class='iconbox_content_container '  itemprop=\"text\" ><p>+90 242 344 32 45<\/p>\n<\/div><\/div><footer class=\"entry-footer\"><\/footer><\/article><br \/>\n\n<style type=\"text\/css\" data-created_by=\"avia_inline_auto\" id=\"style-css-av-9vnal-5d44c4f5467d7aca1457bb34b99df451\">\n.iconbox.av-9vnal-5d44c4f5467d7aca1457bb34b99df451 .iconbox_icon{\nbackground-color:#ededed;\nborder:1px solid #e1e1e1;\ncolor:#000066;\n}\n<\/style>\n<article  class='iconbox iconbox_top av-9vnal-5d44c4f5467d7aca1457bb34b99df451  avia-builder-el-18  el_after_av_icon_box  avia-builder-el-last  main_color'  itemscope=\"itemscope\" itemtype=\"https:\/\/schema.org\/CreativeWork\" ><div class=\"iconbox_content\"><header class=\"entry-content-header\"><div class=\"iconbox_icon heading-color\" aria-hidden='true' data-av_icon='\ue805' data-av_iconfont='entypo-fontello'><\/div><\/header><div class='iconbox_content_container '  itemprop=\"text\" ><p>info@aksuboya.com<\/p>\n<\/div><\/div><footer class=\"entry-footer\"><\/footer><\/article><\/p><\/div>\n","protected":false},"excerpt":{"rendered":"","protected":false},"author":1,"featured_media":247,"parent":0,"menu_order":0,"comment_status":"closed","ping_status":"closed","template":"","meta":[],"_links":{"self":[{"href":"https:\/\/aksuboya.com\/en\/wp-json\/wp\/v2\/pages\/3069"}],"collection":[{"href":"https:\/\/aksuboya.com\/en\/wp-json\/wp\/v2\/pages"}],"about":[{"href":"https:\/\/aksuboya.com\/en\/wp-json\/wp\/v2\/types\/page"}],"author":[{"embeddable":true,"href":"https:\/\/aksuboya.com\/en\/wp-json\/wp\/v2\/users\/1"}],"replies":[{"embeddable":true,"href":"https:\/\/aksuboya.com\/en\/wp-json\/wp\/v2\/comments?post=3069"}],"version-history":[{"count":0,"href":"https:\/\/aksuboya.com\/en\/wp-json\/wp\/v2\/pages\/3069\/revisions"}],"wp:featuredmedia":[{"embeddable":true,"href":"https:\/\/aksuboya.com\/en\/wp-json\/wp\/v2\/media\/247"}],"wp:attachment":[{"href":"https:\/\/aksuboya.com\/en\/wp-json\/wp\/v2\/media?parent=3069"}],"curies":[{"name":"wp","href":"https:\/\/api.w.org\/{rel}","templated":true}]}}