{"id":3070,"date":"2015-12-23T00:08:56","date_gmt":"2015-12-22T22:08:56","guid":{"rendered":"http:\/\/aksuboya.com\/ru\/iletisim\/"},"modified":"2020-02-24T23:30:01","modified_gmt":"2020-02-24T20:30:01","slug":"iletisim","status":"publish","type":"page","link":"https:\/\/aksuboya.com\/ru\/iletisim\/","title":{"rendered":"\u041a\u041e\u041d\u0422\u0410\u041a\u0422\u042b ileti\u015fim"},"content":{"rendered":"\n<style type=\"text\/css\" data-created_by=\"avia_inline_auto\" id=\"style-css-av-w3fcxa-129a0b8976f6b363b0866608a494184a\">\n.avia-section.av-w3fcxa-129a0b8976f6b363b0866608a494184a{\nbackground-color:#4eacc9;\nbackground-image:unset;\n}\n.avia-section.av-w3fcxa-129a0b8976f6b363b0866608a494184a .av-section-color-overlay{\nopacity:1;\nbackground-image:url(https:\/\/aksuboya.com\/wp-content\/themes\/501\/images\/background-images\/ios-linen-dark.png);\nbackground-repeat:repeat;\n}\n<\/style>\n<div id='av_section_1'  class='avia-section av-w3fcxa-129a0b8976f6b363b0866608a494184a alternate_color avia-section-small avia-no-border-styling  avia-builder-el-0  el_before_av_google_map  avia-builder-el-first  avia-bg-style-scroll av-section-color-overlay-active container_wrap fullsize'  ><div class=\"av-section-color-overlay-wrap\"><div class=\"av-section-color-overlay\"><\/div><div class='container av-section-cont-open' ><main  role=\"main\" itemprop=\"mainContentOfPage\"  class='template-page content  av-content-full alpha units'><div class='post-entry post-entry-type-page post-entry-3070'><div class='entry-content-wrapper clearfix'>\n\n<style type=\"text\/css\" data-created_by=\"avia_inline_auto\" id=\"style-css-av-u0y8v2-16e056db045cb4aa75b0f796bf970d00\">\n.flex_column.av-u0y8v2-16e056db045cb4aa75b0f796bf970d00{\n-webkit-border-radius:0px 0px 0px 0px;\n-moz-border-radius:0px 0px 0px 0px;\nborder-radius:0px 0px 0px 0px;\n}\n<\/style>\n<div class='flex_column av-u0y8v2-16e056db045cb4aa75b0f796bf970d00 av_one_third  avia-builder-el-1  el_before_av_one_third  avia-builder-el-first  first flex_column_div av-zero-column-padding '     ><\/div>\n<style type=\"text\/css\" data-created_by=\"avia_inline_auto\" id=\"style-css-av-2ujc66-2c7ce61bfb36d62ab284da3c332e5e76\">\n.flex_column.av-2ujc66-2c7ce61bfb36d62ab284da3c332e5e76{\n-webkit-border-radius:0px 0px 0px 0px;\n-moz-border-radius:0px 0px 0px 0px;\nborder-radius:0px 0px 0px 0px;\n}\n<\/style>\n<div class='flex_column av-2ujc66-2c7ce61bfb36d62ab284da3c332e5e76 av_one_third  avia-builder-el-2  el_after_av_one_third  el_before_av_one_third  flex_column_div av-zero-column-padding '     ><style type=\"text\/css\" data-created_by=\"avia_inline_auto\" id=\"style-css-av-rpwx4e-1aeb113f153ab37a70d9083994479ee4\">\n#top .av-special-heading.av-rpwx4e-1aeb113f153ab37a70d9083994479ee4{\npadding-bottom:5px;\ncolor:#ffffff;\nfont-size:20px;\n}\nbody .av-special-heading.av-rpwx4e-1aeb113f153ab37a70d9083994479ee4 .av-special-heading-tag .heading-char{\nfont-size:25px;\n}\n#top #wrap_all .av-special-heading.av-rpwx4e-1aeb113f153ab37a70d9083994479ee4 .av-special-heading-tag{\nfont-size:20px;\n}\n.av-special-heading.av-rpwx4e-1aeb113f153ab37a70d9083994479ee4 .special-heading-inner-border{\nborder-color:#ffffff;\n}\n.av-special-heading.av-rpwx4e-1aeb113f153ab37a70d9083994479ee4 .av-subheading{\nfont-size:14px;\n}\n\n@media only screen and (min-width: 480px) and (max-width: 767px){ \n#top #wrap_all .av-special-heading.av-rpwx4e-1aeb113f153ab37a70d9083994479ee4 .av-special-heading-tag{\nfont-size:0.8em;\n}\n}\n\n@media only screen and (max-width: 479px){ \n#top #wrap_all .av-special-heading.av-rpwx4e-1aeb113f153ab37a70d9083994479ee4 .av-special-heading-tag{\nfont-size:0.8em;\n}\n}\n<\/style>\n<div  class='av-special-heading av-rpwx4e-1aeb113f153ab37a70d9083994479ee4 av-special-heading-h3 custom-color-heading blockquote modern-quote modern-centered  avia-builder-el-3  avia-builder-el-no-sibling  av-inherit-size'><h3 class='av-special-heading-tag'  itemprop=\"headline\"  >\u041a\u041e\u041d\u0422\u0410\u041a\u0422\u042b<\/h3><div class='av_custom_color av-subheading av-subheading_below'><p>\u0421\u0432\u044f\u0436\u0438\u0442\u0435\u0441\u044c \u0441 \u043d\u0430\u043c\u0438<\/p>\n<\/div><div class=\"special-heading-border\"><div class=\"special-heading-inner-border\"><\/div><\/div><\/div><\/div>\n<style type=\"text\/css\" data-created_by=\"avia_inline_auto\" id=\"style-css-av-oz5jam-c904a6cc7ee288469e3e97b2f8195c66\">\n.flex_column.av-oz5jam-c904a6cc7ee288469e3e97b2f8195c66{\n-webkit-border-radius:0px 0px 0px 0px;\n-moz-border-radius:0px 0px 0px 0px;\nborder-radius:0px 0px 0px 0px;\n}\n<\/style>\n<div class='flex_column av-oz5jam-c904a6cc7ee288469e3e97b2f8195c66 av_one_third  avia-builder-el-4  el_after_av_one_third  avia-builder-el-last  flex_column_div av-zero-column-padding '     ><\/div>\n\n\n\n<style type=\"text\/css\" data-created_by=\"avia_inline_auto\" id=\"style-css-av-2angke-a83a46ab05f7b4bdc71f91069db34063\">\n.avia-section.av-2angke-a83a46ab05f7b4bdc71f91069db34063 .av-parallax .av-parallax-inner{\nbackground-repeat:no-repeat;\nbackground-image:url(https:\/\/aksuboya.com\/wp-content\/uploads\/2015\/12\/bg-01.jpg);\nbackground-position:0% 0%;\nbackground-attachment:scroll;\n}\n.avia-section.av-2angke-a83a46ab05f7b4bdc71f91069db34063 .av-section-color-overlay{\nopacity:0.2;\nbackground-image:url(https:\/\/aksuboya.com\/wp-content\/themes\/501\/images\/background-images\/floral-dark.png);\nbackground-repeat:repeat;\n}\n<\/style>\n<div id='av_section_2'  class='avia-section av-2angke-a83a46ab05f7b4bdc71f91069db34063 main_color avia-section-default avia-no-border-styling  avia-builder-el-6  el_after_av_google_map  el_before_av_section  avia-full-stretch av-parallax-section avia-bg-style-parallax av-section-color-overlay-active container_wrap fullsize'  data-section-bg-repeat='stretch'><div class='av-parallax' data-avia-parallax-ratio='0.3' ><div class='av-parallax-inner main_color avia-full-stretch'><\/div><\/div><div class=\"av-section-color-overlay-wrap\"><div class=\"av-section-color-overlay\"><\/div><div class='container av-section-cont-open' ><div class='template-page content  av-content-full alpha units'><div class='post-entry post-entry-type-page post-entry-3070'><div class='entry-content-wrapper clearfix'>\n\n<style type=\"text\/css\" data-created_by=\"avia_inline_auto\" id=\"style-css-av-ksi0dq-cd09c09f75606af044df1ebf46b5a201\">\n.flex_column.av-ksi0dq-cd09c09f75606af044df1ebf46b5a201{\n-webkit-border-radius:0px 0px 0px 0px;\n-moz-border-radius:0px 0px 0px 0px;\nborder-radius:0px 0px 0px 0px;\n}\n<\/style>\n<div class='flex_column av-ksi0dq-cd09c09f75606af044df1ebf46b5a201 av_three_fifth  avia-builder-el-7  el_before_av_two_fifth  avia-builder-el-first  first flex_column_div av-zero-column-padding '     ><style type=\"text\/css\" data-created_by=\"avia_inline_auto\" id=\"style-css-av-1xlmzi-6476a56a9f7d2c9f36fc9fb5c4f2ee0e\">\n.iconbox.av-1xlmzi-6476a56a9f7d2c9f36fc9fb5c4f2ee0e .iconbox_icon{\nbackground-color:#ffffff;\n}\n<\/style>\n<article  class='iconbox iconbox_left_content av-1xlmzi-6476a56a9f7d2c9f36fc9fb5c4f2ee0e  avia-builder-el-8  avia-builder-el-no-sibling '  itemscope=\"itemscope\" itemtype=\"https:\/\/schema.org\/CreativeWork\" ><div class=\"iconbox_icon heading-color\" aria-hidden='true' data-av_icon='\ue8b7' data-av_iconfont='entypo-fontello'><\/div><div class=\"iconbox_content\"><header class=\"entry-content-header\"><h3 class='iconbox_content_title '  itemprop=\"headline\" >\u0421\u0432\u044f\u0436\u0438\u0442\u0435\u0441\u044c \u0441 \u043d\u0430\u043c\u0438<\/h3><\/header><div class='iconbox_content_container '  itemprop=\"text\" ><p>\u041f\u0440\u0438 \u0436\u0435\u043b\u0430\u043d\u0438\u0438 \u043f\u043e\u0434\u0435\u043b\u0438\u0442\u044c\u0441\u044f \u0441 \u043d\u0430\u043c\u0438 \u0441\u0432\u043e\u0438\u043c \u043c\u043d\u0435\u043d\u0438\u0435\u043c, \u0440\u0435\u043a\u043e\u043c\u0435\u043d\u0434\u0430\u0446\u0438\u044f\u043c\u0438, \u043f\u0440\u0435\u0434\u043b\u043e\u0436\u0435\u043d\u0438\u044f\u043c\u0438 \u0438\u043b\u0438 \u0436\u0430\u043b\u043e\u0431\u0430\u043c\u0438 \u043e \u043d\u0430\u0448\u0435\u0439 \u043f\u0440\u043e\u0434\u0443\u043a\u0446\u0438\u0438, \u043c\u043e\u0436\u0435\u0442\u0435 \u0441\u0432\u044f\u0437\u0430\u0442\u044c\u0441\u044f \u0441 \u043d\u0430\u043c\u0438, \u0437\u0430\u043f\u043e\u043b\u043d\u0438\u0432 &#171;\u0411\u043b\u0430\u043d\u043a \u0441\u043e\u043e\u0431\u0449\u0435\u043d\u0438\u044f&#187;. \u041c\u044b \u043f\u0440\u0438\u043d\u0438\u043c\u0430\u0435\u043c \u043a \u0432\u043d\u0438\u043c\u0430\u043d\u0438\u044e \u0432\u0441\u0435 \u0432\u0430\u0448\u0438 \u043e\u0436\u0438\u0434\u0430\u043d\u0438\u044f \u0438 \u0437\u0430\u043f\u0440\u043e\u0441\u044b, \u0438 \u043e\u0442\u0432\u0435\u0442\u0438\u043c \u0432\u0430\u043c \u0432 \u0441\u0430\u043c\u043e\u0435 \u0431\u043b\u0438\u0436\u0430\u0439\u0448\u0435\u0435 \u0432\u0440\u0435\u043c\u044f, \u043f\u043e\u0441\u043b\u0435 \u0438\u0437\u0443\u0447\u0435\u043d\u0438\u044f \u0432\u0430\u0448\u0435\u0433\u043e \u043f\u0438\u0441\u044c\u043c\u0430.<\/p>\n<\/div><\/div><footer class=\"entry-footer\"><\/footer><\/article><\/div>\n<style type=\"text\/css\" data-created_by=\"avia_inline_auto\" id=\"style-css-av-gzeb72-3ed9ca129d573644e24f2a31fca280ba\">\n.flex_column.av-gzeb72-3ed9ca129d573644e24f2a31fca280ba{\n-webkit-border-radius:0px 0px 0px 0px;\n-moz-border-radius:0px 0px 0px 0px;\nborder-radius:0px 0px 0px 0px;\n}\n<\/style>\n<div class='flex_column av-gzeb72-3ed9ca129d573644e24f2a31fca280ba av_two_fifth  avia-builder-el-9  el_after_av_three_fifth  avia-builder-el-last  flex_column_div av-zero-column-padding '     ><\/div>\n\n<\/div><\/div><\/main><!-- close content main element --><\/div><\/div><\/div>\n<style type=\"text\/css\" data-created_by=\"avia_inline_auto\" id=\"style-css-av-fnkk66-f785ab33f0ebc90f82b9c61e58726f77\">\n.avia-section.av-fnkk66-f785ab33f0ebc90f82b9c61e58726f77{\nbackground-color:#f4f4f4;\nbackground-image:unset;\n}\n.avia-section.av-fnkk66-f785ab33f0ebc90f82b9c61e58726f77 .av-section-color-overlay{\nopacity:0.5;\n}\n<\/style>\n<div id='av_section_3'  class='avia-section av-fnkk66-f785ab33f0ebc90f82b9c61e58726f77 main_color avia-section-default avia-shadow  avia-builder-el-10  el_after_av_section  avia-builder-el-last  avia-bg-style-scroll av-section-color-overlay-active container_wrap fullsize'  ><div class=\"av-section-color-overlay-wrap\"><div class=\"av-section-color-overlay\"><\/div><div class='container av-section-cont-open' ><div class='template-page content  av-content-full alpha units'><div class='post-entry post-entry-type-page post-entry-3070'><div class='entry-content-wrapper clearfix'>\n\n<style type=\"text\/css\" data-created_by=\"avia_inline_auto\" id=\"style-css-av-efnmla-990a83948489bb76a069af3100391684\">\n.flex_column.av-efnmla-990a83948489bb76a069af3100391684{\n-webkit-border-radius:0px 0px 0px 0px;\n-moz-border-radius:0px 0px 0px 0px;\nborder-radius:0px 0px 0px 0px;\n}\n<\/style>\n<div class='flex_column av-efnmla-990a83948489bb76a069af3100391684 av_one_half  avia-builder-el-11  el_before_av_one_half  avia-builder-el-first  first flex_column_div av-animated-generic fade-in av-zero-column-padding '     ><p>\n<style type=\"text\/css\" data-created_by=\"avia_inline_auto\" id=\"style-css-av-av_heading-e726e3f2219cf766660b4a2ea208cbf2\">\n#top .av-special-heading.av-av_heading-e726e3f2219cf766660b4a2ea208cbf2{\npadding-bottom:10px;\n}\nbody .av-special-heading.av-av_heading-e726e3f2219cf766660b4a2ea208cbf2 .av-special-heading-tag .heading-char{\nfont-size:25px;\n}\n.av-special-heading.av-av_heading-e726e3f2219cf766660b4a2ea208cbf2 .av-subheading{\nfont-size:15px;\n}\n<\/style>\n<div  class='av-special-heading av-av_heading-e726e3f2219cf766660b4a2ea208cbf2 av-special-heading-h4  avia-builder-el-12  el_before_av_textblock  avia-builder-el-first '><h4 class='av-special-heading-tag'  itemprop=\"headline\"  >\u0411\u041b\u0410\u041d\u041a \u0421\u041e\u041e\u0411\u0429\u0415\u041d\u0418\u042f<\/h4><div class=\"special-heading-border\"><div class=\"special-heading-inner-border\"><\/div><\/div><\/div><br \/>\n<section  class='av_textblock_section av-aatose-fb3a6e6f7a1f192656f55d9ebbcfdfeb'  itemscope=\"itemscope\" itemtype=\"https:\/\/schema.org\/CreativeWork\" ><div class='avia_textblock'  itemprop=\"text\" >\n<div class=\"wpcf7 no-js\" id=\"wpcf7-f3270-o1\" lang=\"tr-TR\" dir=\"ltr\">\n<div class=\"screen-reader-response\"><p role=\"status\" aria-live=\"polite\" aria-atomic=\"true\"><\/p> <ul><\/ul><\/div>\n<form action=\"\/ru\/wp-json\/wp\/v2\/pages\/3070#wpcf7-f3270-o1\" method=\"post\" class=\"wpcf7-form init\" aria-label=\"Contact form\" novalidate=\"novalidate\" data-status=\"init\">\n<div style=\"display: none;\">\n<input type=\"hidden\" name=\"_wpcf7\" value=\"3270\" \/>\n<input type=\"hidden\" name=\"_wpcf7_version\" value=\"5.7.5.1\" \/>\n<input type=\"hidden\" name=\"_wpcf7_locale\" value=\"tr_TR\" \/>\n<input type=\"hidden\" name=\"_wpcf7_unit_tag\" value=\"wpcf7-f3270-o1\" \/>\n<input type=\"hidden\" name=\"_wpcf7_container_post\" value=\"0\" \/>\n<input type=\"hidden\" name=\"_wpcf7_posted_data_hash\" value=\"\" \/>\n<\/div>\n<p><label> Ad\u0131n\u0131z (gerekli)<br \/>\n<span class=\"wpcf7-form-control-wrap\" data-name=\"your-name\"><input size=\"40\" class=\"wpcf7-form-control wpcf7-text wpcf7-validates-as-required\" aria-required=\"true\" aria-invalid=\"false\" value=\"\" type=\"text\" name=\"your-name\" \/><\/span> <\/label>\n<\/p>\n<p><label> Epostan\u0131z (gerekli)<br \/>\n<span class=\"wpcf7-form-control-wrap\" data-name=\"your-email\"><input size=\"40\" class=\"wpcf7-form-control wpcf7-text wpcf7-email wpcf7-validates-as-required wpcf7-validates-as-email\" aria-required=\"true\" aria-invalid=\"false\" value=\"\" type=\"email\" name=\"your-email\" \/><\/span> <\/label>\n<\/p>\n<p><label> Konu<br \/>\n<span class=\"wpcf7-form-control-wrap\" data-name=\"your-subject\"><input size=\"40\" class=\"wpcf7-form-control wpcf7-text\" aria-invalid=\"false\" value=\"\" type=\"text\" name=\"your-subject\" \/><\/span> <\/label>\n<\/p>\n<p><label> \u0130letiniz<br \/>\n<span class=\"wpcf7-form-control-wrap\" data-name=\"your-message\"><textarea cols=\"40\" rows=\"10\" class=\"wpcf7-form-control wpcf7-textarea\" aria-invalid=\"false\" name=\"your-message\"><\/textarea><\/span> <\/label>\n<\/p>\n<p><input class=\"wpcf7-form-control has-spinner wpcf7-submit\" type=\"submit\" value=\"G\u00f6nder\" \/>\n<\/p><p style=\"display: none !important;\"><label>&#916;<textarea name=\"_wpcf7_ak_hp_textarea\" cols=\"45\" rows=\"8\" maxlength=\"100\"><\/textarea><\/label><input type=\"hidden\" id=\"ak_js_1\" name=\"_wpcf7_ak_js\" value=\"126\"\/><script>document.getElementById( \"ak_js_1\" ).setAttribute( \"value\", ( new Date() ).getTime() );<\/script><\/p><div class=\"wpcf7-response-output\" aria-hidden=\"true\"><\/div>\n<\/form>\n<\/div>\n\n<\/div><\/section><\/p><\/div>\n<style type=\"text\/css\" data-created_by=\"avia_inline_auto\" id=\"style-css-av-9bqm3y-cd63f43ba39a00081cd5ada0e3491ba0\">\n.flex_column.av-9bqm3y-cd63f43ba39a00081cd5ada0e3491ba0{\nborder-width:1px;\nborder-color:#ededed;\nborder-style:solid;\n-webkit-border-radius:3px 3px 3px 3px;\n-moz-border-radius:3px 3px 3px 3px;\nborder-radius:3px 3px 3px 3px;\npadding:10px 10px 10px 10px;\nbackground-color:rgba(255,255,255,0.6);\n}\n<\/style>\n<div class='flex_column av-9bqm3y-cd63f43ba39a00081cd5ada0e3491ba0 av_one_half  avia-builder-el-14  el_after_av_one_half  avia-builder-el-last  flex_column_div av-animated-generic right-to-left '     ><style type=\"text\/css\" data-created_by=\"avia_inline_auto\" id=\"style-css-av-7tklhq-a559e32bae02ab001ed76adc8eb0102b\">\n.iconbox.av-7tklhq-a559e32bae02ab001ed76adc8eb0102b .iconbox_icon{\nborder:1px solid #e5097f;\ncolor:#000066;\n}\n<\/style>\n<article  class='iconbox iconbox_top av-7tklhq-a559e32bae02ab001ed76adc8eb0102b av-no-box  avia-builder-el-15  el_before_av_icon_box  avia-builder-el-first '  itemscope=\"itemscope\" itemtype=\"https:\/\/schema.org\/CreativeWork\" ><div class=\"iconbox_content\"><header class=\"entry-content-header\"><div class=\"iconbox_icon heading-color\" aria-hidden='true' data-av_icon='\ue842' data-av_iconfont='entypo-fontello'><\/div><\/header><div class='iconbox_content_container '  itemprop=\"text\" ><h4>\u0413\u041e\u041b\u041e\u0412\u041d\u041e\u0419 \u041e\u0424\u0418\u0421 &#8212; \u0417\u0410\u0412\u041e\u0414<\/h4>\n<p>ORGAN\u0130ZE SANAY\u0130 B\u00d6LGES\u0130 2. K\u0131s\u0131m 25. Cadde No: 1<br \/>\n07190 D\u00d6\u015eEMEALTI \/ ANTALYA \/ T\u00dcRK\u0130YE<\/p>\n<\/div><\/div><footer class=\"entry-footer\"><\/footer><\/article><br \/>\n\n<style type=\"text\/css\" data-created_by=\"avia_inline_auto\" id=\"style-css-av-2djiz-bc220b59359c621fb9aff33f34032d8a\">\n.iconbox.av-2djiz-bc220b59359c621fb9aff33f34032d8a .iconbox_icon{\nbackground-color:#ededed;\nborder:1px solid #e1e1e1;\ncolor:#000066;\n}\n<\/style>\n<article  class='iconbox iconbox_top av-2djiz-bc220b59359c621fb9aff33f34032d8a  avia-builder-el-16  el_after_av_icon_box  el_before_av_icon_box  main_color'  itemscope=\"itemscope\" itemtype=\"https:\/\/schema.org\/CreativeWork\" ><div class=\"iconbox_content\"><header class=\"entry-content-header\"><div class=\"iconbox_icon heading-color\" aria-hidden='true' data-av_icon='\ue854' data-av_iconfont='entypo-fontello'><\/div><\/header><div class='iconbox_content_container '  itemprop=\"text\" ><p>+90 242 344 04 34 &#8212; +90 242 344 04 64 &#8212; +90 242 258 15 55<\/p>\n<\/div><\/div><footer class=\"entry-footer\"><\/footer><\/article><br \/>\n\n<style type=\"text\/css\" data-created_by=\"avia_inline_auto\" id=\"style-css-av-2djiz-59fbc3451fe442f08ddb029ef48b95ad\">\n.iconbox.av-2djiz-59fbc3451fe442f08ddb029ef48b95ad .iconbox_icon{\nbackground-color:#ededed;\nborder:1px solid #e1e1e1;\ncolor:#000066;\n}\n<\/style>\n<article  class='iconbox iconbox_top av-2djiz-59fbc3451fe442f08ddb029ef48b95ad  avia-builder-el-17  el_after_av_icon_box  el_before_av_icon_box  main_color'  itemscope=\"itemscope\" itemtype=\"https:\/\/schema.org\/CreativeWork\" ><div class=\"iconbox_content\"><header class=\"entry-content-header\"><div class=\"iconbox_icon heading-color\" aria-hidden='true' data-av_icon='\ue838' data-av_iconfont='entypo-fontello'><\/div><\/header><div class='iconbox_content_container '  itemprop=\"text\" ><p>+90 242 344 32 45<\/p>\n<\/div><\/div><footer class=\"entry-footer\"><\/footer><\/article><br \/>\n\n<style type=\"text\/css\" data-created_by=\"avia_inline_auto\" id=\"style-css-av-2vmchq-788445879f962dca25c57dc42042a8cb\">\n.iconbox.av-2vmchq-788445879f962dca25c57dc42042a8cb .iconbox_icon{\nbackground-color:#ededed;\nborder:1px solid #e1e1e1;\ncolor:#000066;\n}\n<\/style>\n<article  class='iconbox iconbox_top av-2vmchq-788445879f962dca25c57dc42042a8cb  avia-builder-el-18  el_after_av_icon_box  avia-builder-el-last  main_color'  itemscope=\"itemscope\" itemtype=\"https:\/\/schema.org\/CreativeWork\" ><div class=\"iconbox_content\"><header class=\"entry-content-header\"><div class=\"iconbox_icon heading-color\" aria-hidden='true' data-av_icon='\ue805' data-av_iconfont='entypo-fontello'><\/div><\/header><div class='iconbox_content_container '  itemprop=\"text\" ><p>info@aksuboya.com<\/p>\n<\/div><\/div><footer class=\"entry-footer\"><\/footer><\/article><\/p><\/div>\n","protected":false},"excerpt":{"rendered":"","protected":false},"author":1,"featured_media":0,"parent":0,"menu_order":0,"comment_status":"closed","ping_status":"closed","template":"","meta":[],"_links":{"self":[{"href":"https:\/\/aksuboya.com\/ru\/wp-json\/wp\/v2\/pages\/3070"}],"collection":[{"href":"https:\/\/aksuboya.com\/ru\/wp-json\/wp\/v2\/pages"}],"about":[{"href":"https:\/\/aksuboya.com\/ru\/wp-json\/wp\/v2\/types\/page"}],"author":[{"embeddable":true,"href":"https:\/\/aksuboya.com\/ru\/wp-json\/wp\/v2\/users\/1"}],"replies":[{"embeddable":true,"href":"https:\/\/aksuboya.com\/ru\/wp-json\/wp\/v2\/comments?post=3070"}],"version-history":[{"count":0,"href":"https:\/\/aksuboya.com\/ru\/wp-json\/wp\/v2\/pages\/3070\/revisions"}],"wp:attachment":[{"href":"https:\/\/aksuboya.com\/ru\/wp-json\/wp\/v2\/media?parent=3070"}],"curies":[{"name":"wp","href":"https:\/\/api.w.org\/{rel}","templated":true}]}}